{"id":402686,"date":"2025-05-15T15:10:03","date_gmt":"2025-05-15T15:10:03","guid":{"rendered":"https:\/\/irankiuzona.lt\/product\/automobiliniu-saugikliu-komplektas-120daliu\/"},"modified":"2026-04-21T17:41:25","modified_gmt":"2026-04-21T17:41:25","slug":"automobiliniu-saugikliu-komplektas-120daliu","status":"publish","type":"product","link":"https:\/\/irankiuzona.lt\/ru\/product\/automobiliniu-saugikliu-komplektas-120daliu\/","title":{"rendered":"Automobilini\u0173 saugikli\u0173 komplektas 120dali\u0173"},"content":{"rendered":"<p>Komplekte po 20vnt.: 5A &#8211; 10A &#8211; 15A &#8211; 20A &#8211; 25A &#8211; 30A<\/p>","protected":false},"excerpt":{"rendered":"<p>Automobilini\u0173 saugikli\u0173 komplektas 120dali\u0173<\/p>","protected":false},"featured_media":270988,"comment_status":"open","ping_status":"open","template":"","meta":[],"product_cat":[9697],"product_tag":[9810],"class_list":{"0":"post-402686","1":"product","2":"type-product","3":"status-publish","4":"has-post-thumbnail","6":"product_brand-geko-lenkija","7":"product_cat-aksesuarai-automobiliams","8":"product_tag-geko-lenkija","10":"first","11":"instock","12":"purchasable","13":"product-type-simple"},"jetpack_sharing_enabled":true,"_links":{"self":[{"href":"https:\/\/irankiuzona.lt\/ru\/wp-json\/wp\/v2\/product\/402686","targetHints":{"allow":["GET"]}}],"collection":[{"href":"https:\/\/irankiuzona.lt\/ru\/wp-json\/wp\/v2\/product"}],"about":[{"href":"https:\/\/irankiuzona.lt\/ru\/wp-json\/wp\/v2\/types\/product"}],"replies":[{"embeddable":true,"href":"https:\/\/irankiuzona.lt\/ru\/wp-json\/wp\/v2\/comments?post=402686"}],"version-history":[{"count":1,"href":"https:\/\/irankiuzona.lt\/ru\/wp-json\/wp\/v2\/product\/402686\/revisions"}],"predecessor-version":[{"id":417986,"href":"https:\/\/irankiuzona.lt\/ru\/wp-json\/wp\/v2\/product\/402686\/revisions\/417986"}],"wp:featuredmedia":[{"embeddable":true,"href":"https:\/\/irankiuzona.lt\/ru\/wp-json\/wp\/v2\/media\/270988"}],"wp:attachment":[{"href":"https:\/\/irankiuzona.lt\/ru\/wp-json\/wp\/v2\/media?parent=402686"}],"wp:term":[{"taxonomy":"product_cat","embeddable":true,"href":"https:\/\/irankiuzona.lt\/ru\/wp-json\/wp\/v2\/product_cat?post=402686"},{"taxonomy":"product_tag","embeddable":true,"href":"https:\/\/irankiuzona.lt\/ru\/wp-json\/wp\/v2\/product_tag?post=402686"}],"curies":[{"name":"wp","href":"https:\/\/api.w.org\/{rel}","templated":true}]}}