{"id":402688,"date":"2025-05-15T15:10:06","date_gmt":"2025-05-15T15:10:06","guid":{"rendered":"https:\/\/irankiuzona.lt\/product\/automobiliniu-saugikliu-komplektas-140-daliu-2\/"},"modified":"2026-04-21T15:37:20","modified_gmt":"2026-04-21T15:37:20","slug":"automobiliniu-saugikliu-komplektas-140-daliu-2","status":"publish","type":"product","link":"https:\/\/irankiuzona.lt\/ru\/product\/automobiliniu-saugikliu-komplektas-140-daliu-2\/","title":{"rendered":"Automobilini\u0173 saugikli\u0173 komplektas 140 dali\u0173"},"content":{"rendered":"<p>Pakuot\u0117s turinys:20x saugiklis 3 AMP20x saugiklis 5 AMP20x saugiklis 10 AMP20x saugiklis 15 AMP20x saugiklis 20 AMP20x saugiklis 25 AMP20x saugiklis 30 AMP<\/p>","protected":false},"excerpt":{"rendered":"<p>Automobilini\u0173 saugikli\u0173 komplektas 140 dali\u0173<\/p>","protected":false},"featured_media":296675,"comment_status":"open","ping_status":"open","template":"","meta":[],"product_cat":[9438],"product_tag":[9810],"class_list":{"0":"post-402688","1":"product","2":"type-product","3":"status-publish","4":"has-post-thumbnail","6":"product_brand-geko-lenkija","7":"product_cat-tarpines-savarzos-smeiges-kaisciai-ir-kiti-rinkiniai","8":"product_tag-geko-lenkija","10":"first","11":"outofstock","12":"purchasable","13":"product-type-simple"},"jetpack_sharing_enabled":true,"_links":{"self":[{"href":"https:\/\/irankiuzona.lt\/ru\/wp-json\/wp\/v2\/product\/402688","targetHints":{"allow":["GET"]}}],"collection":[{"href":"https:\/\/irankiuzona.lt\/ru\/wp-json\/wp\/v2\/product"}],"about":[{"href":"https:\/\/irankiuzona.lt\/ru\/wp-json\/wp\/v2\/types\/product"}],"replies":[{"embeddable":true,"href":"https:\/\/irankiuzona.lt\/ru\/wp-json\/wp\/v2\/comments?post=402688"}],"version-history":[{"count":1,"href":"https:\/\/irankiuzona.lt\/ru\/wp-json\/wp\/v2\/product\/402688\/revisions"}],"predecessor-version":[{"id":417987,"href":"https:\/\/irankiuzona.lt\/ru\/wp-json\/wp\/v2\/product\/402688\/revisions\/417987"}],"wp:featuredmedia":[{"embeddable":true,"href":"https:\/\/irankiuzona.lt\/ru\/wp-json\/wp\/v2\/media\/296675"}],"wp:attachment":[{"href":"https:\/\/irankiuzona.lt\/ru\/wp-json\/wp\/v2\/media?parent=402688"}],"wp:term":[{"taxonomy":"product_cat","embeddable":true,"href":"https:\/\/irankiuzona.lt\/ru\/wp-json\/wp\/v2\/product_cat?post=402688"},{"taxonomy":"product_tag","embeddable":true,"href":"https:\/\/irankiuzona.lt\/ru\/wp-json\/wp\/v2\/product_tag?post=402688"}],"curies":[{"name":"wp","href":"https:\/\/api.w.org\/{rel}","templated":true}]}}