{"id":402692,"date":"2025-05-15T15:10:13","date_gmt":"2025-05-15T15:10:13","guid":{"rendered":"https:\/\/irankiuzona.lt\/product\/kontaktiniu-automobiliniu-jungciu-komplektas-750vnt-2\/"},"modified":"2026-04-17T04:41:17","modified_gmt":"2026-04-17T04:41:17","slug":"kontaktiniu-automobiliniu-jungciu-komplektas-750vnt-2","status":"publish","type":"product","link":"https:\/\/irankiuzona.lt\/ru\/product\/kontaktiniu-automobiliniu-jungciu-komplektas-750vnt-2\/","title":{"rendered":"Kontaktini\u0173 automobilini\u0173 jung\u010di\u0173 komplektas 750vnt"},"content":{"rendered":"<p>Non Insulated Terminal Connector Kit 750 pcs<br \/>\nPackage Contents<\/p>\n<p>100x male terminal 2.8 mm<br \/>\n100x female terminal 2.8 mm<br \/>\n100x male terminal 4.8 mm<br \/>\n100x female terminal 4.8 mm<br \/>\n100x male terminal 6.4 mm<br \/>\n100x female terminal 6.4 mm<br \/>\n30x ring connector 3.2 mm<br \/>\n30x ring connector 5.2 mm<br \/>\n30x ring connector 6.2 mm<br \/>\n30x ring connector 8.2 mm<br \/>\n30x ring connector 10.5 mm<\/p>","protected":false},"excerpt":{"rendered":"<p>Kontaktini\u0173 jung\u010di\u0173 automobilini\u0173 komplektas 750vnt \/ neizoliuot\u0173 jung\u010di\u0173 komplektas<\/p>","protected":false},"featured_media":296681,"comment_status":"open","ping_status":"open","template":"","meta":[],"product_cat":[9654],"product_tag":[9810],"class_list":{"0":"post-402692","1":"product","2":"type-product","3":"status-publish","4":"has-post-thumbnail","6":"product_brand-geko-lenkija","7":"product_cat-jungtys-izoliacines-juostos","8":"product_tag-geko-lenkija","10":"first","11":"instock","12":"purchasable","13":"product-type-simple"},"jetpack_sharing_enabled":true,"_links":{"self":[{"href":"https:\/\/irankiuzona.lt\/ru\/wp-json\/wp\/v2\/product\/402692","targetHints":{"allow":["GET"]}}],"collection":[{"href":"https:\/\/irankiuzona.lt\/ru\/wp-json\/wp\/v2\/product"}],"about":[{"href":"https:\/\/irankiuzona.lt\/ru\/wp-json\/wp\/v2\/types\/product"}],"replies":[{"embeddable":true,"href":"https:\/\/irankiuzona.lt\/ru\/wp-json\/wp\/v2\/comments?post=402692"}],"version-history":[{"count":1,"href":"https:\/\/irankiuzona.lt\/ru\/wp-json\/wp\/v2\/product\/402692\/revisions"}],"predecessor-version":[{"id":417989,"href":"https:\/\/irankiuzona.lt\/ru\/wp-json\/wp\/v2\/product\/402692\/revisions\/417989"}],"wp:featuredmedia":[{"embeddable":true,"href":"https:\/\/irankiuzona.lt\/ru\/wp-json\/wp\/v2\/media\/296681"}],"wp:attachment":[{"href":"https:\/\/irankiuzona.lt\/ru\/wp-json\/wp\/v2\/media?parent=402692"}],"wp:term":[{"taxonomy":"product_cat","embeddable":true,"href":"https:\/\/irankiuzona.lt\/ru\/wp-json\/wp\/v2\/product_cat?post=402692"},{"taxonomy":"product_tag","embeddable":true,"href":"https:\/\/irankiuzona.lt\/ru\/wp-json\/wp\/v2\/product_tag?post=402692"}],"curies":[{"name":"wp","href":"https:\/\/api.w.org\/{rel}","templated":true}]}}