{"id":402694,"date":"2025-05-15T15:10:16","date_gmt":"2025-05-15T15:10:16","guid":{"rendered":"https:\/\/irankiuzona.lt\/product\/kontaktiniu-automobiliniu-jungciu-komplektas-600daliu-2\/"},"modified":"2026-04-17T00:38:39","modified_gmt":"2026-04-17T00:38:39","slug":"kontaktiniu-automobiliniu-jungciu-komplektas-600daliu-2","status":"publish","type":"product","link":"https:\/\/irankiuzona.lt\/ru\/product\/kontaktiniu-automobiliniu-jungciu-komplektas-600daliu-2\/","title":{"rendered":"Kontaktini\u0173 automobilini\u0173 jung\u010di\u0173 komplektas 600dali\u0173"},"content":{"rendered":"<p>Non Insulated Terminal Connector Kit 600 pcs<br \/>\nPackage Contents<\/p>\n<p>100x male terminal 2.8 mm<br \/>\n100x female terminal 2.8 mm<br \/>\n100x male terminal 4.8 mm<br \/>\n100x female terminal 4.8 mm<br \/>\n100x male terminal 6.4 mm<br \/>\n100x female terminal 6.4 mm<\/p>","protected":false},"excerpt":{"rendered":"<p>Kontaktini\u0173 automobilini\u0173 jung\u010di\u0173 komplektas 600vnt \/ neizoliuot\u0173 jung\u010di\u0173 komplektas<\/p>","protected":false},"featured_media":296684,"comment_status":"open","ping_status":"open","template":"","meta":[],"product_cat":[9654],"product_tag":[9810],"class_list":{"0":"post-402694","1":"product","2":"type-product","3":"status-publish","4":"has-post-thumbnail","6":"product_brand-geko-lenkija","7":"product_cat-jungtys-izoliacines-juostos","8":"product_tag-geko-lenkija","10":"first","11":"instock","12":"purchasable","13":"product-type-simple"},"jetpack_sharing_enabled":true,"_links":{"self":[{"href":"https:\/\/irankiuzona.lt\/ru\/wp-json\/wp\/v2\/product\/402694","targetHints":{"allow":["GET"]}}],"collection":[{"href":"https:\/\/irankiuzona.lt\/ru\/wp-json\/wp\/v2\/product"}],"about":[{"href":"https:\/\/irankiuzona.lt\/ru\/wp-json\/wp\/v2\/types\/product"}],"replies":[{"embeddable":true,"href":"https:\/\/irankiuzona.lt\/ru\/wp-json\/wp\/v2\/comments?post=402694"}],"version-history":[{"count":1,"href":"https:\/\/irankiuzona.lt\/ru\/wp-json\/wp\/v2\/product\/402694\/revisions"}],"predecessor-version":[{"id":417990,"href":"https:\/\/irankiuzona.lt\/ru\/wp-json\/wp\/v2\/product\/402694\/revisions\/417990"}],"wp:featuredmedia":[{"embeddable":true,"href":"https:\/\/irankiuzona.lt\/ru\/wp-json\/wp\/v2\/media\/296684"}],"wp:attachment":[{"href":"https:\/\/irankiuzona.lt\/ru\/wp-json\/wp\/v2\/media?parent=402694"}],"wp:term":[{"taxonomy":"product_cat","embeddable":true,"href":"https:\/\/irankiuzona.lt\/ru\/wp-json\/wp\/v2\/product_cat?post=402694"},{"taxonomy":"product_tag","embeddable":true,"href":"https:\/\/irankiuzona.lt\/ru\/wp-json\/wp\/v2\/product_tag?post=402694"}],"curies":[{"name":"wp","href":"https:\/\/api.w.org\/{rel}","templated":true}]}}