{"id":402702,"date":"2025-05-15T15:10:25","date_gmt":"2025-05-15T15:10:25","guid":{"rendered":"https:\/\/irankiuzona.lt\/product\/variklio-blokavimo-komplektas-audi-vw-v6-v8tdi-2\/"},"modified":"2026-04-15T09:30:13","modified_gmt":"2026-04-15T09:30:13","slug":"variklio-blokavimo-komplektas-audi-vw-v6-v8tdi-2","status":"publish","type":"product","link":"https:\/\/irankiuzona.lt\/ru\/product\/variklio-blokavimo-komplektas-audi-vw-v6-v8tdi-2\/","title":{"rendered":"Variklio blokavimo komplektas Audi VW V6 V8TDI"},"content":{"rendered":"<p>Velen\u0117li\u0173 u\u017erakinimas OEM 3458 x2Radiatoriaus atitraukimo var\u017etai OEM 3369 x2Liamda galvut\u0117 OEM 3078Alk\u016bninio var\u017etas OEM 3242 T40237Kuro siurblio dantra\u010dio kai\u0161tis OEM 3359Modeliai:<\/p>\n<p>AUDI<br \/>\nA4, A6, A8, Allroad 2,5 V6 TDI (97-08) oraz A8 3,3 V8 TDI<\/p>\n<p>VW<br \/>\nPassat 2,5 V6 TDI (98-05)<\/p>\n<p>SKODA<br \/>\nSuperb 2,5 V6 TDI (02-08)<\/p>\n<p>Variklio kodai: AFB, AKN, AKE, AYM, BAU, BCZ, BDG, BDH, BFC<\/p>","protected":false},"excerpt":{"rendered":"<p>Variklio blokavimo komplektas Audi VW V6 V8TDI<\/p>","protected":false},"featured_media":296696,"comment_status":"open","ping_status":"open","template":"","meta":[],"product_cat":[9543],"product_tag":[9810],"class_list":{"0":"post-402702","1":"product","2":"type-product","3":"status-publish","4":"has-post-thumbnail","6":"product_brand-geko-lenkija","7":"product_cat-vag-vw-skoda-blokatoriai","8":"product_tag-geko-lenkija","10":"first","11":"outofstock","12":"purchasable","13":"product-type-simple"},"jetpack_sharing_enabled":true,"_links":{"self":[{"href":"https:\/\/irankiuzona.lt\/ru\/wp-json\/wp\/v2\/product\/402702","targetHints":{"allow":["GET"]}}],"collection":[{"href":"https:\/\/irankiuzona.lt\/ru\/wp-json\/wp\/v2\/product"}],"about":[{"href":"https:\/\/irankiuzona.lt\/ru\/wp-json\/wp\/v2\/types\/product"}],"replies":[{"embeddable":true,"href":"https:\/\/irankiuzona.lt\/ru\/wp-json\/wp\/v2\/comments?post=402702"}],"version-history":[{"count":1,"href":"https:\/\/irankiuzona.lt\/ru\/wp-json\/wp\/v2\/product\/402702\/revisions"}],"predecessor-version":[{"id":417994,"href":"https:\/\/irankiuzona.lt\/ru\/wp-json\/wp\/v2\/product\/402702\/revisions\/417994"}],"wp:featuredmedia":[{"embeddable":true,"href":"https:\/\/irankiuzona.lt\/ru\/wp-json\/wp\/v2\/media\/296696"}],"wp:attachment":[{"href":"https:\/\/irankiuzona.lt\/ru\/wp-json\/wp\/v2\/media?parent=402702"}],"wp:term":[{"taxonomy":"product_cat","embeddable":true,"href":"https:\/\/irankiuzona.lt\/ru\/wp-json\/wp\/v2\/product_cat?post=402702"},{"taxonomy":"product_tag","embeddable":true,"href":"https:\/\/irankiuzona.lt\/ru\/wp-json\/wp\/v2\/product_tag?post=402702"}],"curies":[{"name":"wp","href":"https:\/\/api.w.org\/{rel}","templated":true}]}}