{"id":402724,"date":"2025-05-15T15:10:45","date_gmt":"2025-05-15T15:10:45","guid":{"rendered":"https:\/\/irankiuzona.lt\/product\/variklio-blokavimo-komplektas-vag-1-8-2-0-benz-tsi-tfsi-2\/"},"modified":"2026-05-09T22:43:24","modified_gmt":"2026-05-09T22:43:24","slug":"variklio-blokavimo-komplektas-vag-1-8-2-0-benz-tsi-tfsi-2","status":"publish","type":"product","link":"https:\/\/irankiuzona.lt\/ru\/product\/variklio-blokavimo-komplektas-vag-1-8-2-0-benz-tsi-tfsi-2\/","title":{"rendered":"Variklio blokavimo komplektas VAG 1.8-2.0 benz. TSI-TFSI"},"content":{"rendered":"<p>VAG 1.8 2.0 TSI\/TFSI (EA888) Engine Timing Tool Set. Use for correct the camshaft and crankshaft timing position.<br \/>\nFour-cylinder EA888 petrols<\/p>\n<p>1.8L R4 16v TSI\/TFSI, 2.0L R4 16v TSI\/TFSI<br \/>\n2006~2013 VAG series TSI, TFSI EA888 engine(1.8L, 2.0L)<\/p>\n<p>OEM Tools: T10352, T10352\/1, T10352\/2, T10368, T40196, T10354, T10060A, T40011, T40265, T40267, T40271<br \/>\n1.8 R4 16v TSI\/TFSI (EA888):<\/p>\n<p>Audi TT Mk2 (8J), Audi 8P A3, Audi B7 A4, Audi A4 (B8), Audi A5<br \/>\nSEAT Leon Mk2 (1P), SEAT Altea XL<br \/>\n\u0160koda Yeti, \u0160koda Octavia Mk2 (1Z, Ming Rui), \u0160koda Superb Mk2 (3T)<br \/>\nVW Jetta Mk5\/Sagitar, VW Passat B6, VW Passat CC<\/p>\n<p>2.0 R4 16v TSI\/TFSI (EA888):<\/p>\n<p>VW Jetta Mk5, VW Jetta Mk6,<br \/>\nVW Passat B6, VW CC, VW Scirocco,<br \/>\nVW Golf Mk6 GTI, VW Scirocco, VW Passat B6, VW CC<br \/>\nAudi A3 (8P), Audi A3 Cabriolet, Audi TT, Audi A4 (B8),<br \/>\nAudi Q5, Audi A5, Audi Q5, Audi TT Mk2 (8J), Audi Q3<br \/>\n\u0160koda Superb Mk2 (3T), \u0160koda Octavia<br \/>\nSEAT Altea Freetrack, SEAT Leon FR, SEAT Exeo<\/p>\n<p>Engine Code: BYT, BZB, CABA, CABB, CABD, CADA, CAEA, CAEB, CAWA, CAWB, CBFA, CCTA, CCZA, CCZB, CCZC, CDAA, CDAB, CDHA, CDHB, CDNB, CDNC, CDND, CESA, CETA, CFKA, CGYA, CJEB, CJBA, CJSB.<\/p>","protected":false},"excerpt":{"rendered":"<p>Variklio\u00a0fiksavimo komplektas VAG-VOLKSWAGEN-AUDI 1.8-2.0 benz. TSI-TFSI degimo nustatymui<\/p>","protected":false},"featured_media":296729,"comment_status":"open","ping_status":"open","template":"","meta":[],"product_cat":[9543],"product_tag":[9810],"class_list":{"0":"post-402724","1":"product","2":"type-product","3":"status-publish","4":"has-post-thumbnail","6":"product_brand-geko-lenkija","7":"product_cat-vag-vw-skoda-blokatoriai","8":"product_tag-geko-lenkija","10":"first","11":"outofstock","12":"purchasable","13":"product-type-simple"},"jetpack_sharing_enabled":true,"_links":{"self":[{"href":"https:\/\/irankiuzona.lt\/ru\/wp-json\/wp\/v2\/product\/402724","targetHints":{"allow":["GET"]}}],"collection":[{"href":"https:\/\/irankiuzona.lt\/ru\/wp-json\/wp\/v2\/product"}],"about":[{"href":"https:\/\/irankiuzona.lt\/ru\/wp-json\/wp\/v2\/types\/product"}],"replies":[{"embeddable":true,"href":"https:\/\/irankiuzona.lt\/ru\/wp-json\/wp\/v2\/comments?post=402724"}],"version-history":[{"count":1,"href":"https:\/\/irankiuzona.lt\/ru\/wp-json\/wp\/v2\/product\/402724\/revisions"}],"predecessor-version":[{"id":418005,"href":"https:\/\/irankiuzona.lt\/ru\/wp-json\/wp\/v2\/product\/402724\/revisions\/418005"}],"wp:featuredmedia":[{"embeddable":true,"href":"https:\/\/irankiuzona.lt\/ru\/wp-json\/wp\/v2\/media\/296729"}],"wp:attachment":[{"href":"https:\/\/irankiuzona.lt\/ru\/wp-json\/wp\/v2\/media?parent=402724"}],"wp:term":[{"taxonomy":"product_cat","embeddable":true,"href":"https:\/\/irankiuzona.lt\/ru\/wp-json\/wp\/v2\/product_cat?post=402724"},{"taxonomy":"product_tag","embeddable":true,"href":"https:\/\/irankiuzona.lt\/ru\/wp-json\/wp\/v2\/product_tag?post=402724"}],"curies":[{"name":"wp","href":"https:\/\/api.w.org\/{rel}","templated":true}]}}