{"id":402752,"date":"2025-05-15T15:11:10","date_gmt":"2025-05-15T15:11:10","guid":{"rendered":"https:\/\/irankiuzona.lt\/product\/redukcinis-raktas-1-158-6000nm-2\/"},"modified":"2026-03-18T10:10:49","modified_gmt":"2026-03-18T10:10:49","slug":"redukcinis-raktas-1-158-6000nm-2","status":"publish","type":"product","link":"https:\/\/irankiuzona.lt\/ru\/product\/redukcinis-raktas-1-158-6000nm-2\/","title":{"rendered":"Redukcinis raktas 1&#8242; 1:58 \/ 6000Nm"},"content":{"rendered":"<p>TECHNINIAI DUOMENYS :- Did\u017eiausias sukimo momentas 6000 Nm- 32 ir 33 mm galvut\u0117s- Pridedamas prailginimo strypas ir \u0161vaistiklis- Viskas plastikiniame d\u0117kle<\/p>","protected":false},"excerpt":{"rendered":"<p>Redukcinis raktas 1&#8242; 1:58 \/ 6000Nm<\/p>","protected":false},"featured_media":296769,"comment_status":"open","ping_status":"open","template":"","meta":[],"product_cat":[9967],"product_tag":[9810],"class_list":{"0":"post-402752","1":"product","2":"type-product","3":"status-publish","4":"has-post-thumbnail","6":"product_brand-geko-lenkija","7":"product_cat-padidintos-jegos-raktai-reduktoriai-ratams","8":"product_tag-geko-lenkija","10":"first","11":"outofstock","12":"purchasable","13":"product-type-simple"},"jetpack_sharing_enabled":true,"_links":{"self":[{"href":"https:\/\/irankiuzona.lt\/ru\/wp-json\/wp\/v2\/product\/402752","targetHints":{"allow":["GET"]}}],"collection":[{"href":"https:\/\/irankiuzona.lt\/ru\/wp-json\/wp\/v2\/product"}],"about":[{"href":"https:\/\/irankiuzona.lt\/ru\/wp-json\/wp\/v2\/types\/product"}],"replies":[{"embeddable":true,"href":"https:\/\/irankiuzona.lt\/ru\/wp-json\/wp\/v2\/comments?post=402752"}],"version-history":[{"count":1,"href":"https:\/\/irankiuzona.lt\/ru\/wp-json\/wp\/v2\/product\/402752\/revisions"}],"predecessor-version":[{"id":418019,"href":"https:\/\/irankiuzona.lt\/ru\/wp-json\/wp\/v2\/product\/402752\/revisions\/418019"}],"wp:featuredmedia":[{"embeddable":true,"href":"https:\/\/irankiuzona.lt\/ru\/wp-json\/wp\/v2\/media\/296769"}],"wp:attachment":[{"href":"https:\/\/irankiuzona.lt\/ru\/wp-json\/wp\/v2\/media?parent=402752"}],"wp:term":[{"taxonomy":"product_cat","embeddable":true,"href":"https:\/\/irankiuzona.lt\/ru\/wp-json\/wp\/v2\/product_cat?post=402752"},{"taxonomy":"product_tag","embeddable":true,"href":"https:\/\/irankiuzona.lt\/ru\/wp-json\/wp\/v2\/product_tag?post=402752"}],"curies":[{"name":"wp","href":"https:\/\/api.w.org\/{rel}","templated":true}]}}