{"id":402754,"date":"2025-05-15T15:11:11","date_gmt":"2025-05-15T15:11:11","guid":{"rendered":"https:\/\/irankiuzona.lt\/product\/universali-terksle-1-23-81-4-2\/"},"modified":"2026-04-22T10:12:42","modified_gmt":"2026-04-22T10:12:42","slug":"universali-terksle-1-23-81-4-2","status":"publish","type":"product","link":"https:\/\/irankiuzona.lt\/ru\/product\/universali-terksle-1-23-81-4-2\/","title":{"rendered":"Universali terk\u0161l\u0117 1\/2+3\/8+1\/4&#8221;"},"content":{"rendered":"<p>Trys viename: 1\/4 + 3\/8 + 1\/2 vienoje terk\u0161l\u0117je72dantuk\u0173 terk\u0161l\u0117;Nyk\u0161\u010diu valdomas\u00a0krypties perjung\u0117jas ir greito atleidimo mygtukas;Ergonomi\u0161ka ir neslystanti rankena;Poliruotas chromuotas pavir\u0161ius maksimaliai apsaugo nuo korozijos;Chromo vanad\u017eio plienas;Bendras ilgis: 205mm<\/p>","protected":false},"excerpt":{"rendered":"<p>Universali terk\u0161l\u0117 1\/2 + 3\/8 + 1\/4&#8221; \/ tra\u0161kutis galvut\u0117ms trys viename \/ 3in1<\/p>","protected":false},"featured_media":296772,"comment_status":"open","ping_status":"open","template":"","meta":[],"product_cat":[9507],"product_tag":[9810],"class_list":{"0":"post-402754","1":"product","2":"type-product","3":"status-publish","4":"has-post-thumbnail","6":"product_brand-geko-lenkija","7":"product_cat-terksles-galvutems","8":"product_tag-geko-lenkija","10":"first","11":"instock","12":"purchasable","13":"product-type-simple"},"jetpack_sharing_enabled":true,"_links":{"self":[{"href":"https:\/\/irankiuzona.lt\/ru\/wp-json\/wp\/v2\/product\/402754","targetHints":{"allow":["GET"]}}],"collection":[{"href":"https:\/\/irankiuzona.lt\/ru\/wp-json\/wp\/v2\/product"}],"about":[{"href":"https:\/\/irankiuzona.lt\/ru\/wp-json\/wp\/v2\/types\/product"}],"replies":[{"embeddable":true,"href":"https:\/\/irankiuzona.lt\/ru\/wp-json\/wp\/v2\/comments?post=402754"}],"version-history":[{"count":1,"href":"https:\/\/irankiuzona.lt\/ru\/wp-json\/wp\/v2\/product\/402754\/revisions"}],"predecessor-version":[{"id":418020,"href":"https:\/\/irankiuzona.lt\/ru\/wp-json\/wp\/v2\/product\/402754\/revisions\/418020"}],"wp:featuredmedia":[{"embeddable":true,"href":"https:\/\/irankiuzona.lt\/ru\/wp-json\/wp\/v2\/media\/296772"}],"wp:attachment":[{"href":"https:\/\/irankiuzona.lt\/ru\/wp-json\/wp\/v2\/media?parent=402754"}],"wp:term":[{"taxonomy":"product_cat","embeddable":true,"href":"https:\/\/irankiuzona.lt\/ru\/wp-json\/wp\/v2\/product_cat?post=402754"},{"taxonomy":"product_tag","embeddable":true,"href":"https:\/\/irankiuzona.lt\/ru\/wp-json\/wp\/v2\/product_tag?post=402754"}],"curies":[{"name":"wp","href":"https:\/\/api.w.org\/{rel}","templated":true}]}}