{"id":402756,"date":"2025-05-15T15:11:13","date_gmt":"2025-05-15T15:11:13","guid":{"rendered":"https:\/\/irankiuzona.lt\/product\/terksliniu-raktu-komplektas-22vnt-6-32mm-2\/"},"modified":"2026-04-13T08:34:20","modified_gmt":"2026-04-13T08:34:20","slug":"terksliniu-raktu-komplektas-22vnt-6-32mm-2","status":"publish","type":"product","link":"https:\/\/irankiuzona.lt\/ru\/product\/terksliniu-raktu-komplektas-22vnt-6-32mm-2\/","title":{"rendered":"Terk\u0161lini\u0173 rakt\u0173 komplektas 22vnt 6-32mm"},"content":{"rendered":"<p>Prek\u0117s savyb\u0117s<br \/>\n72 dant\u0173Poliruotas chromuotas pavir\u0161ius maksimaliai apsaugo nuo korozijosRinkinyje yra 22 dali\u0173 ver\u017eliarak\u010diai: 6, 7, 8, 9, 10, 11, 12, 13, 14, 15, 16, 17, 18, 19, 20, 21, 22, 23, 24, 27, 30 , 32 mmPridedama aliuminio d\u0117\u017eut\u0117<\/p>","protected":false},"excerpt":{"rendered":"<p>Terk\u0161lini\u0173,\u00a0 rakt\u0173 komplektas 22vnt 6-32mm<\/p>","protected":false},"featured_media":296775,"comment_status":"open","ping_status":"open","template":"","meta":[],"product_cat":[9610],"product_tag":[9810],"class_list":{"0":"post-402756","1":"product","2":"type-product","3":"status-publish","4":"has-post-thumbnail","6":"product_brand-geko-lenkija","7":"product_cat-terksliniu-raktu-komplektai","8":"product_tag-geko-lenkija","10":"first","11":"instock","12":"purchasable","13":"product-type-simple"},"jetpack_sharing_enabled":true,"_links":{"self":[{"href":"https:\/\/irankiuzona.lt\/ru\/wp-json\/wp\/v2\/product\/402756","targetHints":{"allow":["GET"]}}],"collection":[{"href":"https:\/\/irankiuzona.lt\/ru\/wp-json\/wp\/v2\/product"}],"about":[{"href":"https:\/\/irankiuzona.lt\/ru\/wp-json\/wp\/v2\/types\/product"}],"replies":[{"embeddable":true,"href":"https:\/\/irankiuzona.lt\/ru\/wp-json\/wp\/v2\/comments?post=402756"}],"version-history":[{"count":1,"href":"https:\/\/irankiuzona.lt\/ru\/wp-json\/wp\/v2\/product\/402756\/revisions"}],"predecessor-version":[{"id":418021,"href":"https:\/\/irankiuzona.lt\/ru\/wp-json\/wp\/v2\/product\/402756\/revisions\/418021"}],"wp:featuredmedia":[{"embeddable":true,"href":"https:\/\/irankiuzona.lt\/ru\/wp-json\/wp\/v2\/media\/296775"}],"wp:attachment":[{"href":"https:\/\/irankiuzona.lt\/ru\/wp-json\/wp\/v2\/media?parent=402756"}],"wp:term":[{"taxonomy":"product_cat","embeddable":true,"href":"https:\/\/irankiuzona.lt\/ru\/wp-json\/wp\/v2\/product_cat?post=402756"},{"taxonomy":"product_tag","embeddable":true,"href":"https:\/\/irankiuzona.lt\/ru\/wp-json\/wp\/v2\/product_tag?post=402756"}],"curies":[{"name":"wp","href":"https:\/\/api.w.org\/{rel}","templated":true}]}}