{"id":402758,"date":"2025-05-15T15:11:15","date_gmt":"2025-05-15T15:11:15","guid":{"rendered":"https:\/\/irankiuzona.lt\/product\/leksteliu-komplektas-tepalo-filtrams-aliuminines-23-daliu-2\/"},"modified":"2026-04-13T06:18:32","modified_gmt":"2026-04-13T06:18:32","slug":"leksteliu-komplektas-tepalo-filtrams-aliuminines-23-daliu-2","status":"publish","type":"product","link":"https:\/\/irankiuzona.lt\/ru\/product\/leksteliu-komplektas-tepalo-filtrams-aliuminines-23-daliu-2\/","title":{"rendered":"L\u0117k\u0161teli\u0173 komplektas tepalo filtrams aliuminin\u0117s  23 dali\u0173"},"content":{"rendered":"<p>Produkto charakteristikospagamintas i\u0161 auk\u0161tos kokyb\u0117s aliuminio lydiniopalengvina filtr\u0173 atsukim\u0105 ir priver\u017eim\u0105 sunkiai pasiekiamose vietosespecialus klavi\u0161\u0173 dizainas neleid\u017eia sugadinti filtrovisi supakuoti \u012f plastikin\u012f d\u0117kl\u0105<br \/>\nKomplekto turinysver\u017eliaraktis O 65 mm 14 ta\u0161k\u0173: \u201eDaihatsu\u201c, \u201eToyota\u201c, \u201eNissan\u201c, \u201eFiat\u201cver\u017eliarak\u010dio O 67 mm 14 ta\u0161k\u0173: \u201eDaihatsu\u201c, \u201eToyota\u201c, \u201eMitsubishi\u201c, \u201eJeep\u201cver\u017eliaraktis O 73 mm 14 ta\u0161k\u0173: \u201eToyota\u201c, \u201eLexus\u201c, \u201eNissan\u201cver\u017eliaraktis O 73 mm 15 ta\u0161k\u0173: GM, Chrysler, Buick, Mitsubishiver\u017eliarak\u010dio \u00d8 74 mm 14 ta\u0161k\u0173: VW, Fiat, BMW, Audi, Opelver\u017eliarak\u010dio O 74 mm 14 ta\u0161k\u0173: VW, GM, Chrysler, Lexusver\u017eliaraktis O 74 mm 15 ta\u0161k\u0173: \u201eAudi\u201c, \u201eRover\u201c, \u201eChrysler\u201cver\u017eliarak\u010dio \u00d8 74 mm 15 ta\u0161k\u0173: GM, Chrysler, Buickver\u017eliarak\u010dio \u00d8 74 mm a\u0161tuoniakampis: \u201eFiat\u201cVer\u017eliarak\u010dio \u00d8 75 mm 12 ta\u0161k\u0173: Peugeotver\u017eliarak\u010dio \u00d8 75 mm 15 ta\u0161k\u0173: GM, Chryslerver\u017eliarak\u010dio O 76 mm 12 ta\u0161k\u0173: \u201eFiat\u201c, \u201eFord\u201c, \u201eMazda\u201c, \u201eMitsubishi\u201c, \u201eMercedes\u201c, \u201eRenault\u201cver\u017eliaraktis O 79 mm 15 ta\u0161k\u0173: \u201eKia\u201c, \u201eHyundai\u201c, \u201eHonda\u201c, \u201eFord\u201cVer\u017eliarak\u010diai 80 mm 15 ta\u0161k\u0173: \u201eSubaru\u201c, \u201eToyota\u201c, \u201eHonda\u201c, \u201eNissan\u201cver\u017eliaraktis O 84 mm 18 ta\u0161k\u0173: \u201eCitro\u00ebn\u201c, \u201ePeugeot\u201c, \u201eRenault\u201cver\u017eliaraktis O 89 mm 15 ta\u0161k\u0173: \u201eHonda\u201c, \u201eMitsubishi\u201c, \u201eIsuzu\u201cver\u017eliarak\u010diai \u00d8 90 mm 15 ta\u0161k\u0173: Fiatver\u017eliaraktis 91 mm 15 ta\u0161k\u0173: \u201eToyota\u201cver\u017eliarak\u010dio O 92 mm 15 ta\u0161k\u0173: \u201eMitsubishi\u201cver\u017eliaraktis O 95 mm 15 ta\u0161k\u0173: \u201eToyota\u201c, \u201eAlfa Romeo\u201c, \u201eFord\u201cver\u017eliarak\u010dio \u00d8 101 mm 15 ta\u0161k\u0173: \u201eMazda\u201c, \u201eMitsubishi\u201c, \u201eToyota\u201c27 mm \u017eiedinis ver\u017eliaraktisreketas 1\/2 &quot;<\/p>","protected":false},"excerpt":{"rendered":"<p>L\u0117k\u0161teli\u0173 komplektas tepalo filtrams aliuminin\u0117s\u00a0 23 dali\u0173<\/p>","protected":false},"featured_media":296778,"comment_status":"open","ping_status":"open","template":"","meta":[],"product_cat":[9547],"product_tag":[9810],"class_list":{"0":"post-402758","1":"product","2":"type-product","3":"status-publish","4":"has-post-thumbnail","6":"product_brand-geko-lenkija","7":"product_cat-galvu-komplektai-tepalo-filtrams","8":"product_tag-geko-lenkija","10":"first","11":"outofstock","12":"purchasable","13":"product-type-simple"},"jetpack_sharing_enabled":true,"_links":{"self":[{"href":"https:\/\/irankiuzona.lt\/ru\/wp-json\/wp\/v2\/product\/402758","targetHints":{"allow":["GET"]}}],"collection":[{"href":"https:\/\/irankiuzona.lt\/ru\/wp-json\/wp\/v2\/product"}],"about":[{"href":"https:\/\/irankiuzona.lt\/ru\/wp-json\/wp\/v2\/types\/product"}],"replies":[{"embeddable":true,"href":"https:\/\/irankiuzona.lt\/ru\/wp-json\/wp\/v2\/comments?post=402758"}],"version-history":[{"count":1,"href":"https:\/\/irankiuzona.lt\/ru\/wp-json\/wp\/v2\/product\/402758\/revisions"}],"predecessor-version":[{"id":418022,"href":"https:\/\/irankiuzona.lt\/ru\/wp-json\/wp\/v2\/product\/402758\/revisions\/418022"}],"wp:featuredmedia":[{"embeddable":true,"href":"https:\/\/irankiuzona.lt\/ru\/wp-json\/wp\/v2\/media\/296778"}],"wp:attachment":[{"href":"https:\/\/irankiuzona.lt\/ru\/wp-json\/wp\/v2\/media?parent=402758"}],"wp:term":[{"taxonomy":"product_cat","embeddable":true,"href":"https:\/\/irankiuzona.lt\/ru\/wp-json\/wp\/v2\/product_cat?post=402758"},{"taxonomy":"product_tag","embeddable":true,"href":"https:\/\/irankiuzona.lt\/ru\/wp-json\/wp\/v2\/product_tag?post=402758"}],"curies":[{"name":"wp","href":"https:\/\/api.w.org\/{rel}","templated":true}]}}