{"id":402760,"date":"2025-05-15T15:11:17","date_gmt":"2025-05-15T15:11:17","guid":{"rendered":"https:\/\/irankiuzona.lt\/product\/galvutes-lietiems-diskams3-17-19-21mm-2\/"},"modified":"2026-04-13T08:34:20","modified_gmt":"2026-04-13T08:34:20","slug":"galvutes-lietiems-diskams3-17-19-21mm-2","status":"publish","type":"product","link":"https:\/\/irankiuzona.lt\/ru\/product\/galvutes-lietiems-diskams3-17-19-21mm-2\/","title":{"rendered":"Galvut\u0117s lietiems diskams*3 17 19 21mm"},"content":{"rendered":"<p>Dyd\u017eiai\u00a0 17, 19, 21 mmItin patvarus \u201eCr-Mo\u201c plienas1\/2 &quot;kvadratas Lizdo ilgis &#8211; 78 mmPlastikin\u0117s \u012fvor\u0117s, skirtos aliuminio ratlankiams be pa\u017eeidim\u0173, apsaugo rat\u0173 var\u017et\u0173 ir ver\u017eli\u0173 pavir\u0161iusPatvariame plastikiniame d\u0117kle<\/p>","protected":false},"excerpt":{"rendered":"<p>Galvut\u0117s lietiems diskams*3 17 19 21mm<\/p>","protected":false},"featured_media":296781,"comment_status":"open","ping_status":"open","template":"","meta":[],"product_cat":[9492],"product_tag":[9810],"class_list":{"0":"post-402760","1":"product","2":"type-product","3":"status-publish","4":"has-post-thumbnail","6":"product_brand-geko-lenkija","7":"product_cat-ratu-varztams-galvutes-raktai-sepeciai","8":"product_tag-geko-lenkija","10":"first","11":"instock","12":"purchasable","13":"product-type-simple"},"jetpack_sharing_enabled":true,"_links":{"self":[{"href":"https:\/\/irankiuzona.lt\/ru\/wp-json\/wp\/v2\/product\/402760","targetHints":{"allow":["GET"]}}],"collection":[{"href":"https:\/\/irankiuzona.lt\/ru\/wp-json\/wp\/v2\/product"}],"about":[{"href":"https:\/\/irankiuzona.lt\/ru\/wp-json\/wp\/v2\/types\/product"}],"replies":[{"embeddable":true,"href":"https:\/\/irankiuzona.lt\/ru\/wp-json\/wp\/v2\/comments?post=402760"}],"version-history":[{"count":1,"href":"https:\/\/irankiuzona.lt\/ru\/wp-json\/wp\/v2\/product\/402760\/revisions"}],"predecessor-version":[{"id":418023,"href":"https:\/\/irankiuzona.lt\/ru\/wp-json\/wp\/v2\/product\/402760\/revisions\/418023"}],"wp:featuredmedia":[{"embeddable":true,"href":"https:\/\/irankiuzona.lt\/ru\/wp-json\/wp\/v2\/media\/296781"}],"wp:attachment":[{"href":"https:\/\/irankiuzona.lt\/ru\/wp-json\/wp\/v2\/media?parent=402760"}],"wp:term":[{"taxonomy":"product_cat","embeddable":true,"href":"https:\/\/irankiuzona.lt\/ru\/wp-json\/wp\/v2\/product_cat?post=402760"},{"taxonomy":"product_tag","embeddable":true,"href":"https:\/\/irankiuzona.lt\/ru\/wp-json\/wp\/v2\/product_tag?post=402760"}],"curies":[{"name":"wp","href":"https:\/\/api.w.org\/{rel}","templated":true}]}}