{"id":402768,"date":"2025-05-15T15:11:24","date_gmt":"2025-05-15T15:11:24","guid":{"rendered":"https:\/\/irankiuzona.lt\/product\/krepsys-irankiams-su-metaline-rankena-2\/"},"modified":"2026-05-15T09:38:28","modified_gmt":"2026-05-15T09:38:28","slug":"krepsys-irankiams-su-metaline-rankena-2","status":"publish","type":"product","link":"https:\/\/irankiuzona.lt\/ru\/product\/krepsys-irankiams-su-metaline-rankena-2\/","title":{"rendered":"Krep\u0161ys \u012frankiams su metaline rankena"},"content":{"rendered":"","protected":false},"excerpt":{"rendered":"<p>Krep\u0161ys \u012frankiams su metaline rankena<\/p>","protected":false},"featured_media":296792,"comment_status":"open","ping_status":"open","template":"","meta":[],"product_cat":[9831],"product_tag":[9810],"class_list":{"0":"post-402768","1":"product","2":"type-product","3":"status-publish","4":"has-post-thumbnail","6":"product_brand-geko-lenkija","7":"product_cat-irankiu-dezes-krepsiai-kuprines-dirzai","8":"product_tag-geko-lenkija","10":"first","11":"instock","12":"purchasable","13":"product-type-simple"},"jetpack_sharing_enabled":true,"_links":{"self":[{"href":"https:\/\/irankiuzona.lt\/ru\/wp-json\/wp\/v2\/product\/402768","targetHints":{"allow":["GET"]}}],"collection":[{"href":"https:\/\/irankiuzona.lt\/ru\/wp-json\/wp\/v2\/product"}],"about":[{"href":"https:\/\/irankiuzona.lt\/ru\/wp-json\/wp\/v2\/types\/product"}],"replies":[{"embeddable":true,"href":"https:\/\/irankiuzona.lt\/ru\/wp-json\/wp\/v2\/comments?post=402768"}],"version-history":[{"count":1,"href":"https:\/\/irankiuzona.lt\/ru\/wp-json\/wp\/v2\/product\/402768\/revisions"}],"predecessor-version":[{"id":418026,"href":"https:\/\/irankiuzona.lt\/ru\/wp-json\/wp\/v2\/product\/402768\/revisions\/418026"}],"wp:featuredmedia":[{"embeddable":true,"href":"https:\/\/irankiuzona.lt\/ru\/wp-json\/wp\/v2\/media\/296792"}],"wp:attachment":[{"href":"https:\/\/irankiuzona.lt\/ru\/wp-json\/wp\/v2\/media?parent=402768"}],"wp:term":[{"taxonomy":"product_cat","embeddable":true,"href":"https:\/\/irankiuzona.lt\/ru\/wp-json\/wp\/v2\/product_cat?post=402768"},{"taxonomy":"product_tag","embeddable":true,"href":"https:\/\/irankiuzona.lt\/ru\/wp-json\/wp\/v2\/product_tag?post=402768"}],"curies":[{"name":"wp","href":"https:\/\/api.w.org\/{rel}","templated":true}]}}