{"id":402778,"date":"2025-05-15T15:11:37","date_gmt":"2025-05-15T15:11:37","guid":{"rendered":"https:\/\/irankiuzona.lt\/product\/dezute-pinigams-su-rakteliu-20016090mm-2\/"},"modified":"2026-04-16T14:26:25","modified_gmt":"2026-04-16T14:26:25","slug":"dezute-pinigams-su-rakteliu-20016090mm-2","status":"publish","type":"product","link":"https:\/\/irankiuzona.lt\/ru\/product\/dezute-pinigams-su-rakteliu-20016090mm-2\/","title":{"rendered":"D\u0117\u017eut\u0117 pinigams su rakteliu 200*160*90mm"},"content":{"rendered":"<p>4 skyriaimatmenys: 200 x 160 x 90 mm<\/p>","protected":false},"excerpt":{"rendered":"<p>D\u0117\u017eut\u0117 pinigams su rakteliu 200*160*90mm<\/p>","protected":false},"featured_media":296812,"comment_status":"open","ping_status":"open","template":"","meta":[],"product_cat":[10015],"product_tag":[9810],"class_list":{"0":"post-402778","1":"product","2":"type-product","3":"status-publish","4":"has-post-thumbnail","6":"product_brand-geko-lenkija","7":"product_cat-dezutes-smulkmenoms","8":"product_tag-geko-lenkija","10":"first","11":"instock","12":"purchasable","13":"product-type-simple"},"jetpack_sharing_enabled":true,"_links":{"self":[{"href":"https:\/\/irankiuzona.lt\/ru\/wp-json\/wp\/v2\/product\/402778","targetHints":{"allow":["GET"]}}],"collection":[{"href":"https:\/\/irankiuzona.lt\/ru\/wp-json\/wp\/v2\/product"}],"about":[{"href":"https:\/\/irankiuzona.lt\/ru\/wp-json\/wp\/v2\/types\/product"}],"replies":[{"embeddable":true,"href":"https:\/\/irankiuzona.lt\/ru\/wp-json\/wp\/v2\/comments?post=402778"}],"version-history":[{"count":1,"href":"https:\/\/irankiuzona.lt\/ru\/wp-json\/wp\/v2\/product\/402778\/revisions"}],"predecessor-version":[{"id":418033,"href":"https:\/\/irankiuzona.lt\/ru\/wp-json\/wp\/v2\/product\/402778\/revisions\/418033"}],"wp:featuredmedia":[{"embeddable":true,"href":"https:\/\/irankiuzona.lt\/ru\/wp-json\/wp\/v2\/media\/296812"}],"wp:attachment":[{"href":"https:\/\/irankiuzona.lt\/ru\/wp-json\/wp\/v2\/media?parent=402778"}],"wp:term":[{"taxonomy":"product_cat","embeddable":true,"href":"https:\/\/irankiuzona.lt\/ru\/wp-json\/wp\/v2\/product_cat?post=402778"},{"taxonomy":"product_tag","embeddable":true,"href":"https:\/\/irankiuzona.lt\/ru\/wp-json\/wp\/v2\/product_tag?post=402778"}],"curies":[{"name":"wp","href":"https:\/\/api.w.org\/{rel}","templated":true}]}}