{"id":402784,"date":"2025-05-15T15:11:41","date_gmt":"2025-05-15T15:11:41","guid":{"rendered":"https:\/\/irankiuzona.lt\/product\/dezute-pinigams-su-rakteliu-24015555mm-2\/"},"modified":"2026-04-14T13:07:56","modified_gmt":"2026-04-14T13:07:56","slug":"dezute-pinigams-su-rakteliu-24015555mm-2","status":"publish","type":"product","link":"https:\/\/irankiuzona.lt\/ru\/product\/dezute-pinigams-su-rakteliu-24015555mm-2\/","title":{"rendered":"D\u0117\u017eut\u0117 pinigams su rakteliu 240*155*55mm"},"content":{"rendered":"<p>I\u0161oriniai matmenys: 240 x 155 x 55 mm Spintel\u0117s matmenys: 225 x 145 x 49 mm<\/p>","protected":false},"excerpt":{"rendered":"<p>D\u0117\u017eut\u0117 pinigams su rakteliu 240*155*55mm<\/p>","protected":false},"featured_media":296821,"comment_status":"open","ping_status":"open","template":"","meta":[],"product_cat":[10015],"product_tag":[9810],"class_list":{"0":"post-402784","1":"product","2":"type-product","3":"status-publish","4":"has-post-thumbnail","6":"product_brand-geko-lenkija","7":"product_cat-dezutes-smulkmenoms","8":"product_tag-geko-lenkija","10":"first","11":"outofstock","12":"purchasable","13":"product-type-simple"},"jetpack_sharing_enabled":true,"_links":{"self":[{"href":"https:\/\/irankiuzona.lt\/ru\/wp-json\/wp\/v2\/product\/402784","targetHints":{"allow":["GET"]}}],"collection":[{"href":"https:\/\/irankiuzona.lt\/ru\/wp-json\/wp\/v2\/product"}],"about":[{"href":"https:\/\/irankiuzona.lt\/ru\/wp-json\/wp\/v2\/types\/product"}],"replies":[{"embeddable":true,"href":"https:\/\/irankiuzona.lt\/ru\/wp-json\/wp\/v2\/comments?post=402784"}],"version-history":[{"count":1,"href":"https:\/\/irankiuzona.lt\/ru\/wp-json\/wp\/v2\/product\/402784\/revisions"}],"predecessor-version":[{"id":418036,"href":"https:\/\/irankiuzona.lt\/ru\/wp-json\/wp\/v2\/product\/402784\/revisions\/418036"}],"wp:featuredmedia":[{"embeddable":true,"href":"https:\/\/irankiuzona.lt\/ru\/wp-json\/wp\/v2\/media\/296821"}],"wp:attachment":[{"href":"https:\/\/irankiuzona.lt\/ru\/wp-json\/wp\/v2\/media?parent=402784"}],"wp:term":[{"taxonomy":"product_cat","embeddable":true,"href":"https:\/\/irankiuzona.lt\/ru\/wp-json\/wp\/v2\/product_cat?post=402784"},{"taxonomy":"product_tag","embeddable":true,"href":"https:\/\/irankiuzona.lt\/ru\/wp-json\/wp\/v2\/product_tag?post=402784"}],"curies":[{"name":"wp","href":"https:\/\/api.w.org\/{rel}","templated":true}]}}