{"id":402808,"date":"2025-05-15T15:12:01","date_gmt":"2025-05-15T15:12:01","guid":{"rendered":"https:\/\/irankiuzona.lt\/product\/itampos-keitiklis-konverteris-12v-230v-250-500w-2\/"},"modified":"2026-04-16T06:56:36","modified_gmt":"2026-04-16T06:56:36","slug":"itampos-keitiklis-konverteris-12v-230v-250-500w-2","status":"publish","type":"product","link":"https:\/\/irankiuzona.lt\/ru\/product\/itampos-keitiklis-konverteris-12v-230v-250-500w-2\/","title":{"rendered":"\u012etampos keitiklis (konverteris) 12V\/230V 250\/500W"},"content":{"rendered":"<p>Prek\u0117s savyb\u0117sNuolatin\u0117 galia 250WDid\u017eiausia galia 500WLED lemput\u0117 Maitinimo ir gedimo indikacijaON \/ OFF jungiklis\u201eSmart Cooling Fun\u201cMaksimalus darbingumas 90%USB prievadas 5V 1A maitinti pvz. mobilieji telefonai, plan\u0161etiniai kompiuteriaiPapildomas saugiklis pakuot\u0117jeTechniniai duomenysNuolatin\u0117 galia: 250WDid\u017eiausia galia: 500 W\u012e\u0117jimo \u012ftampa: 12VI\u0161\u0117jimo \u012ftampa: 230VApsauga:<\/p>","protected":false},"excerpt":{"rendered":"<p>\u012etampos keitiklis (konverteris) 12V\/230V 250\/500W<\/p>","protected":false},"featured_media":296857,"comment_status":"open","ping_status":"open","template":"","meta":[],"product_cat":[10138],"product_tag":[9810],"class_list":{"0":"post-402808","1":"product","2":"type-product","3":"status-publish","4":"has-post-thumbnail","6":"product_brand-geko-lenkija","7":"product_cat-itampos-keitikliai-konverteriai","8":"product_tag-geko-lenkija","10":"first","11":"instock","12":"purchasable","13":"product-type-simple"},"jetpack_sharing_enabled":true,"_links":{"self":[{"href":"https:\/\/irankiuzona.lt\/ru\/wp-json\/wp\/v2\/product\/402808","targetHints":{"allow":["GET"]}}],"collection":[{"href":"https:\/\/irankiuzona.lt\/ru\/wp-json\/wp\/v2\/product"}],"about":[{"href":"https:\/\/irankiuzona.lt\/ru\/wp-json\/wp\/v2\/types\/product"}],"replies":[{"embeddable":true,"href":"https:\/\/irankiuzona.lt\/ru\/wp-json\/wp\/v2\/comments?post=402808"}],"version-history":[{"count":1,"href":"https:\/\/irankiuzona.lt\/ru\/wp-json\/wp\/v2\/product\/402808\/revisions"}],"predecessor-version":[{"id":418047,"href":"https:\/\/irankiuzona.lt\/ru\/wp-json\/wp\/v2\/product\/402808\/revisions\/418047"}],"wp:featuredmedia":[{"embeddable":true,"href":"https:\/\/irankiuzona.lt\/ru\/wp-json\/wp\/v2\/media\/296857"}],"wp:attachment":[{"href":"https:\/\/irankiuzona.lt\/ru\/wp-json\/wp\/v2\/media?parent=402808"}],"wp:term":[{"taxonomy":"product_cat","embeddable":true,"href":"https:\/\/irankiuzona.lt\/ru\/wp-json\/wp\/v2\/product_cat?post=402808"},{"taxonomy":"product_tag","embeddable":true,"href":"https:\/\/irankiuzona.lt\/ru\/wp-json\/wp\/v2\/product_tag?post=402808"}],"curies":[{"name":"wp","href":"https:\/\/api.w.org\/{rel}","templated":true}]}}