{"id":402812,"date":"2025-05-15T15:12:05","date_gmt":"2025-05-15T15:12:05","guid":{"rendered":"https:\/\/irankiuzona.lt\/product\/itampos-keitiklis-konverteris-24v-230v-350-750w-2\/"},"modified":"2026-04-20T08:44:59","modified_gmt":"2026-04-20T08:44:59","slug":"itampos-keitiklis-konverteris-24v-230v-350-750w-2","status":"publish","type":"product","link":"https:\/\/irankiuzona.lt\/ru\/product\/itampos-keitiklis-konverteris-24v-230v-350-750w-2\/","title":{"rendered":"\u012etampos keitiklis (konverteris) 24V\/230V 350\/750W"},"content":{"rendered":"<p>Prek\u0117s savyb\u0117sNuolatin\u0117 galia 350WDid\u017eiausia galia 700WLED lemput\u0117 Maitinimo ir gedimo indikacijaON \/ OFF jungiklis\u201eSmart Cooling Fun\u201cMaksimalus darbingumas 90%USB prievadas 5V 1A maitinti pvz. mobilieji telefonai, plan\u0161etiniai kompiuteriaiPapildomas saugiklis pakuot\u0117jeTechniniai duomenysNuolatin\u0117 galia: 350WDid\u017eiausia galia: 700 W\u012e\u0117jimo \u012ftampa: 24VI\u0161\u0117jimo \u012ftampa: 230VMaks. Efektyvumas: 90%Apsauga:<\/p>","protected":false},"excerpt":{"rendered":"<p>\u012etampos keitiklis (konverteris) 24V\/230V 350\/750W<\/p>","protected":false},"featured_media":296863,"comment_status":"open","ping_status":"open","template":"","meta":[],"product_cat":[10138],"product_tag":[9810],"class_list":{"0":"post-402812","1":"product","2":"type-product","3":"status-publish","4":"has-post-thumbnail","6":"product_brand-geko-lenkija","7":"product_cat-itampos-keitikliai-konverteriai","8":"product_tag-geko-lenkija","10":"first","11":"instock","12":"purchasable","13":"product-type-simple"},"jetpack_sharing_enabled":true,"_links":{"self":[{"href":"https:\/\/irankiuzona.lt\/ru\/wp-json\/wp\/v2\/product\/402812","targetHints":{"allow":["GET"]}}],"collection":[{"href":"https:\/\/irankiuzona.lt\/ru\/wp-json\/wp\/v2\/product"}],"about":[{"href":"https:\/\/irankiuzona.lt\/ru\/wp-json\/wp\/v2\/types\/product"}],"replies":[{"embeddable":true,"href":"https:\/\/irankiuzona.lt\/ru\/wp-json\/wp\/v2\/comments?post=402812"}],"version-history":[{"count":1,"href":"https:\/\/irankiuzona.lt\/ru\/wp-json\/wp\/v2\/product\/402812\/revisions"}],"predecessor-version":[{"id":418049,"href":"https:\/\/irankiuzona.lt\/ru\/wp-json\/wp\/v2\/product\/402812\/revisions\/418049"}],"wp:featuredmedia":[{"embeddable":true,"href":"https:\/\/irankiuzona.lt\/ru\/wp-json\/wp\/v2\/media\/296863"}],"wp:attachment":[{"href":"https:\/\/irankiuzona.lt\/ru\/wp-json\/wp\/v2\/media?parent=402812"}],"wp:term":[{"taxonomy":"product_cat","embeddable":true,"href":"https:\/\/irankiuzona.lt\/ru\/wp-json\/wp\/v2\/product_cat?post=402812"},{"taxonomy":"product_tag","embeddable":true,"href":"https:\/\/irankiuzona.lt\/ru\/wp-json\/wp\/v2\/product_tag?post=402812"}],"curies":[{"name":"wp","href":"https:\/\/api.w.org\/{rel}","templated":true}]}}