{"id":402816,"date":"2025-05-15T15:12:09","date_gmt":"2025-05-15T15:12:09","guid":{"rendered":"https:\/\/irankiuzona.lt\/product\/itampos-keitiklis-konverteris-24v-230v-800-1600w-2\/"},"modified":"2026-04-16T10:45:03","modified_gmt":"2026-04-16T10:45:03","slug":"itampos-keitiklis-konverteris-24v-230v-800-1600w-2","status":"publish","type":"product","link":"https:\/\/irankiuzona.lt\/ru\/product\/itampos-keitiklis-konverteris-24v-230v-800-1600w-2\/","title":{"rendered":"\u012etampos keitiklis (konverteris) 24V\/230V 800\/1600W"},"content":{"rendered":"<p>\u00a0\u00a0\u00a0 Prek\u0117s savyb\u0117s\u00a0\u00a0\u00a0 Nuolatin\u0117 galia 800W\u00a0\u00a0\u00a0 Did\u017eiausia galia 1600W\u00a0\u00a0\u00a0 LED lemput\u0117 Maitinimas ir gedimo indikacija\u00a0\u00a0\u00a0 ON \/ OFF jungiklis\u00a0\u00a0\u00a0 \u201eSmart Cooling Fun\u201c\u00a0\u00a0\u00a0 Maksimalus darbingumas 90%\u00a0\u00a0\u00a0 USB prievadas 5V 1A maitinti pvz. mobilieji telefonai, plan\u0161etiniai kompiuteriai\u00a0\u00a0\u00a0 Papildomas saugiklis pakuot\u0117je\u00a0\u00a0\u00a0 Techniniai duomenys\u00a0\u00a0\u00a0 Nuolatin\u0117 galia: 800W\u00a0\u00a0\u00a0 Did\u017eiausia galia: 1600W\u00a0\u00a0\u00a0 \u012e\u0117jimo \u012ftampa: 24V\u00a0\u00a0\u00a0 I\u0161\u0117jimo \u012ftampa: 230V\u00a0\u00a0\u00a0 I\u0161\u0117jimo bangos forma: modifikuota sinusin\u0117 banga\u00a0\u00a0\u00a0 Maks. Efektyvumas: 90%\u00a0\u00a0\u00a0 Apsauga:<\/p>","protected":false},"excerpt":{"rendered":"<p>\u012etampos keitiklis (konverteris) 24V\/230V 800\/1600W<\/p>","protected":false},"featured_media":296869,"comment_status":"open","ping_status":"open","template":"","meta":[],"product_cat":[10138],"product_tag":[9810],"class_list":{"0":"post-402816","1":"product","2":"type-product","3":"status-publish","4":"has-post-thumbnail","6":"product_brand-geko-lenkija","7":"product_cat-itampos-keitikliai-konverteriai","8":"product_tag-geko-lenkija","10":"first","11":"outofstock","12":"purchasable","13":"product-type-simple"},"jetpack_sharing_enabled":true,"_links":{"self":[{"href":"https:\/\/irankiuzona.lt\/ru\/wp-json\/wp\/v2\/product\/402816","targetHints":{"allow":["GET"]}}],"collection":[{"href":"https:\/\/irankiuzona.lt\/ru\/wp-json\/wp\/v2\/product"}],"about":[{"href":"https:\/\/irankiuzona.lt\/ru\/wp-json\/wp\/v2\/types\/product"}],"replies":[{"embeddable":true,"href":"https:\/\/irankiuzona.lt\/ru\/wp-json\/wp\/v2\/comments?post=402816"}],"version-history":[{"count":1,"href":"https:\/\/irankiuzona.lt\/ru\/wp-json\/wp\/v2\/product\/402816\/revisions"}],"predecessor-version":[{"id":418051,"href":"https:\/\/irankiuzona.lt\/ru\/wp-json\/wp\/v2\/product\/402816\/revisions\/418051"}],"wp:featuredmedia":[{"embeddable":true,"href":"https:\/\/irankiuzona.lt\/ru\/wp-json\/wp\/v2\/media\/296869"}],"wp:attachment":[{"href":"https:\/\/irankiuzona.lt\/ru\/wp-json\/wp\/v2\/media?parent=402816"}],"wp:term":[{"taxonomy":"product_cat","embeddable":true,"href":"https:\/\/irankiuzona.lt\/ru\/wp-json\/wp\/v2\/product_cat?post=402816"},{"taxonomy":"product_tag","embeddable":true,"href":"https:\/\/irankiuzona.lt\/ru\/wp-json\/wp\/v2\/product_tag?post=402816"}],"curies":[{"name":"wp","href":"https:\/\/api.w.org\/{rel}","templated":true}]}}