{"id":402844,"date":"2025-05-15T15:12:34","date_gmt":"2025-05-15T15:12:34","guid":{"rendered":"https:\/\/irankiuzona.lt\/product\/atsuktuvas-plokscias-sl5400mm-2\/"},"modified":"2026-03-18T10:20:15","modified_gmt":"2026-03-18T10:20:15","slug":"atsuktuvas-plokscias-sl5400mm-2","status":"publish","type":"product","link":"https:\/\/irankiuzona.lt\/ru\/product\/atsuktuvas-plokscias-sl5400mm-2\/","title":{"rendered":"Atsuktuvas plok\u0161\u010dias SL5*400mm"},"content":{"rendered":"<p>5&#215;400 mmPagaminta i\u0161 tvirto chromuoto vanad\u017eio plienoMagnetinis antgalisRankena su prakti\u0161ka skylute pakabintiDviej\u0173 med\u017eiag\u0173 rankena (plastikas + guma), mink\u0161to tipo rankena<\/p>","protected":false},"excerpt":{"rendered":"<p>Atsuktuvas prailgintas plok\u0161\u010dias SL5*400mm<\/p>","protected":false},"featured_media":296910,"comment_status":"open","ping_status":"open","template":"","meta":[],"product_cat":[9559],"product_tag":[9810],"class_list":{"0":"post-402844","1":"product","2":"type-product","3":"status-publish","4":"has-post-thumbnail","6":"product_brand-geko-lenkija","7":"product_cat-ploksti-atsuktuvai","8":"product_tag-geko-lenkija","10":"first","11":"outofstock","12":"purchasable","13":"product-type-simple"},"jetpack_sharing_enabled":true,"_links":{"self":[{"href":"https:\/\/irankiuzona.lt\/ru\/wp-json\/wp\/v2\/product\/402844","targetHints":{"allow":["GET"]}}],"collection":[{"href":"https:\/\/irankiuzona.lt\/ru\/wp-json\/wp\/v2\/product"}],"about":[{"href":"https:\/\/irankiuzona.lt\/ru\/wp-json\/wp\/v2\/types\/product"}],"replies":[{"embeddable":true,"href":"https:\/\/irankiuzona.lt\/ru\/wp-json\/wp\/v2\/comments?post=402844"}],"version-history":[{"count":1,"href":"https:\/\/irankiuzona.lt\/ru\/wp-json\/wp\/v2\/product\/402844\/revisions"}],"predecessor-version":[{"id":418065,"href":"https:\/\/irankiuzona.lt\/ru\/wp-json\/wp\/v2\/product\/402844\/revisions\/418065"}],"wp:featuredmedia":[{"embeddable":true,"href":"https:\/\/irankiuzona.lt\/ru\/wp-json\/wp\/v2\/media\/296910"}],"wp:attachment":[{"href":"https:\/\/irankiuzona.lt\/ru\/wp-json\/wp\/v2\/media?parent=402844"}],"wp:term":[{"taxonomy":"product_cat","embeddable":true,"href":"https:\/\/irankiuzona.lt\/ru\/wp-json\/wp\/v2\/product_cat?post=402844"},{"taxonomy":"product_tag","embeddable":true,"href":"https:\/\/irankiuzona.lt\/ru\/wp-json\/wp\/v2\/product_tag?post=402844"}],"curies":[{"name":"wp","href":"https:\/\/api.w.org\/{rel}","templated":true}]}}