{"id":402866,"date":"2025-05-15T15:12:55","date_gmt":"2025-05-15T15:12:55","guid":{"rendered":"https:\/\/irankiuzona.lt\/product\/plaktukas-guminis-plastikine-rankena-baltos-gumos-850g-16-oz-2\/"},"modified":"2026-05-13T16:48:31","modified_gmt":"2026-05-13T16:48:31","slug":"plaktukas-guminis-plastikine-rankena-baltos-gumos-850g-16-oz-2","status":"publish","type":"product","link":"https:\/\/irankiuzona.lt\/ru\/product\/plaktukas-guminis-plastikine-rankena-baltos-gumos-850g-16-oz-2\/","title":{"rendered":"Plaktukas guminis plastikine rankena baltos gumos 850g\/16 OZ"},"content":{"rendered":"<p>Prek\u0117s savyb\u0117s:gumos skersmuo 60 mmspecialus baltos gumos mi\u0161inys netepa daikt\u0173 pavir\u0161iausprofiliuota, dalinai gumuota ir vibracij\u0105 sugerianti TPR rankenarankena pagaminta i\u0161 labai patvaraus, lengvo stiklo pluo\u0161toTechnin\u0117s specifikacijos:Galvos med\u017eiaga: balta gumaRankenos med\u017eiaga: stiklo pluo\u0161tasStiebin\u0117 gumos med\u017eiaga: TPR &#8211; termoplastin\u0117 gumaBendras \u012frankio ilgis: 355 mmGalvos svoris: 850 gBendras \u012frankio svoris: 1000 g<\/p>","protected":false},"excerpt":{"rendered":"<p>Plaktukas guminis plastikine rankena baltos gumos 850g\/16 OZ<\/p>","protected":false},"featured_media":296943,"comment_status":"open","ping_status":"open","template":"","meta":[],"product_cat":[9601],"product_tag":[9810],"class_list":{"0":"post-402866","1":"product","2":"type-product","3":"status-publish","4":"has-post-thumbnail","6":"product_brand-geko-lenkija","7":"product_cat-plastikiniai-plaktukai","8":"product_tag-geko-lenkija","10":"first","11":"instock","12":"purchasable","13":"product-type-simple"},"jetpack_sharing_enabled":true,"_links":{"self":[{"href":"https:\/\/irankiuzona.lt\/ru\/wp-json\/wp\/v2\/product\/402866","targetHints":{"allow":["GET"]}}],"collection":[{"href":"https:\/\/irankiuzona.lt\/ru\/wp-json\/wp\/v2\/product"}],"about":[{"href":"https:\/\/irankiuzona.lt\/ru\/wp-json\/wp\/v2\/types\/product"}],"replies":[{"embeddable":true,"href":"https:\/\/irankiuzona.lt\/ru\/wp-json\/wp\/v2\/comments?post=402866"}],"version-history":[{"count":1,"href":"https:\/\/irankiuzona.lt\/ru\/wp-json\/wp\/v2\/product\/402866\/revisions"}],"predecessor-version":[{"id":418076,"href":"https:\/\/irankiuzona.lt\/ru\/wp-json\/wp\/v2\/product\/402866\/revisions\/418076"}],"wp:featuredmedia":[{"embeddable":true,"href":"https:\/\/irankiuzona.lt\/ru\/wp-json\/wp\/v2\/media\/296943"}],"wp:attachment":[{"href":"https:\/\/irankiuzona.lt\/ru\/wp-json\/wp\/v2\/media?parent=402866"}],"wp:term":[{"taxonomy":"product_cat","embeddable":true,"href":"https:\/\/irankiuzona.lt\/ru\/wp-json\/wp\/v2\/product_cat?post=402866"},{"taxonomy":"product_tag","embeddable":true,"href":"https:\/\/irankiuzona.lt\/ru\/wp-json\/wp\/v2\/product_tag?post=402866"}],"curies":[{"name":"wp","href":"https:\/\/api.w.org\/{rel}","templated":true}]}}