{"id":402876,"date":"2025-05-15T15:13:03","date_gmt":"2025-05-15T15:13:03","guid":{"rendered":"https:\/\/irankiuzona.lt\/product\/darbines-pirstines-su-lateksu-10-dydis-2\/"},"modified":"2026-03-19T05:50:21","modified_gmt":"2026-03-19T05:50:21","slug":"darbines-pirstines-su-lateksu-10-dydis-2","status":"publish","type":"product","link":"https:\/\/irankiuzona.lt\/ru\/product\/darbines-pirstines-su-lateksu-10-dydis-2\/","title":{"rendered":"Darbin\u0117s pir\u0161tin\u0117s su lateksu 10 dydis"},"content":{"rendered":"","protected":false},"excerpt":{"rendered":"<p>Darbin\u0117s pir\u0161tin\u0117s su lateksu 10 dydis<\/p>","protected":false},"featured_media":296958,"comment_status":"open","ping_status":"open","template":"","meta":[],"product_cat":[9990],"product_tag":[9810],"class_list":{"0":"post-402876","1":"product","2":"type-product","3":"status-publish","4":"has-post-thumbnail","6":"product_brand-geko-lenkija","7":"product_cat-aplietos-darbo-pirstines","8":"product_tag-geko-lenkija","10":"first","11":"outofstock","12":"purchasable","13":"product-type-simple"},"jetpack_sharing_enabled":true,"_links":{"self":[{"href":"https:\/\/irankiuzona.lt\/ru\/wp-json\/wp\/v2\/product\/402876","targetHints":{"allow":["GET"]}}],"collection":[{"href":"https:\/\/irankiuzona.lt\/ru\/wp-json\/wp\/v2\/product"}],"about":[{"href":"https:\/\/irankiuzona.lt\/ru\/wp-json\/wp\/v2\/types\/product"}],"replies":[{"embeddable":true,"href":"https:\/\/irankiuzona.lt\/ru\/wp-json\/wp\/v2\/comments?post=402876"}],"version-history":[{"count":1,"href":"https:\/\/irankiuzona.lt\/ru\/wp-json\/wp\/v2\/product\/402876\/revisions"}],"predecessor-version":[{"id":418081,"href":"https:\/\/irankiuzona.lt\/ru\/wp-json\/wp\/v2\/product\/402876\/revisions\/418081"}],"wp:featuredmedia":[{"embeddable":true,"href":"https:\/\/irankiuzona.lt\/ru\/wp-json\/wp\/v2\/media\/296958"}],"wp:attachment":[{"href":"https:\/\/irankiuzona.lt\/ru\/wp-json\/wp\/v2\/media?parent=402876"}],"wp:term":[{"taxonomy":"product_cat","embeddable":true,"href":"https:\/\/irankiuzona.lt\/ru\/wp-json\/wp\/v2\/product_cat?post=402876"},{"taxonomy":"product_tag","embeddable":true,"href":"https:\/\/irankiuzona.lt\/ru\/wp-json\/wp\/v2\/product_tag?post=402876"}],"curies":[{"name":"wp","href":"https:\/\/api.w.org\/{rel}","templated":true}]}}