{"id":402894,"date":"2025-05-15T15:15:37","date_gmt":"2025-05-15T15:15:37","guid":{"rendered":"https:\/\/irankiuzona.lt\/product\/indas-tepalui-skysciams-10-litru-2\/"},"modified":"2026-05-09T18:19:03","modified_gmt":"2026-05-09T18:19:03","slug":"indas-tepalui-skysciams-10-litru-2","status":"publish","type":"product","link":"https:\/\/irankiuzona.lt\/ru\/product\/indas-tepalui-skysciams-10-litru-2\/","title":{"rendered":"Indas tepalui, skys\u010diams 10 litr\u0173"},"content":{"rendered":"<p>Prek\u0117s savyb\u0117s3 ne\u0161imo rankenos10 litr\u0173 talposprid\u0117tas atsarginis dangtelis su tarpinepagamintas i\u0161 patvaraus plastikoSvoris 2 Kg<\/p>","protected":false},"excerpt":{"rendered":"<p>Talpa 10 litr\u0173 skys\u010diams \/ tepalams, au\u0161inimo skys\u010diui<\/p>","protected":false},"featured_media":248548,"comment_status":"open","ping_status":"open","template":"","meta":[],"product_cat":[9786],"product_tag":[9810],"class_list":{"0":"post-402894","1":"product","2":"type-product","3":"status-publish","4":"has-post-thumbnail","6":"product_brand-geko-lenkija","7":"product_cat-indai-talpos","8":"product_tag-geko-lenkija","10":"first","11":"instock","12":"purchasable","13":"product-type-simple"},"jetpack_sharing_enabled":true,"_links":{"self":[{"href":"https:\/\/irankiuzona.lt\/ru\/wp-json\/wp\/v2\/product\/402894","targetHints":{"allow":["GET"]}}],"collection":[{"href":"https:\/\/irankiuzona.lt\/ru\/wp-json\/wp\/v2\/product"}],"about":[{"href":"https:\/\/irankiuzona.lt\/ru\/wp-json\/wp\/v2\/types\/product"}],"replies":[{"embeddable":true,"href":"https:\/\/irankiuzona.lt\/ru\/wp-json\/wp\/v2\/comments?post=402894"}],"version-history":[{"count":1,"href":"https:\/\/irankiuzona.lt\/ru\/wp-json\/wp\/v2\/product\/402894\/revisions"}],"predecessor-version":[{"id":418209,"href":"https:\/\/irankiuzona.lt\/ru\/wp-json\/wp\/v2\/product\/402894\/revisions\/418209"}],"wp:featuredmedia":[{"embeddable":true,"href":"https:\/\/irankiuzona.lt\/ru\/wp-json\/wp\/v2\/media\/248548"}],"wp:attachment":[{"href":"https:\/\/irankiuzona.lt\/ru\/wp-json\/wp\/v2\/media?parent=402894"}],"wp:term":[{"taxonomy":"product_cat","embeddable":true,"href":"https:\/\/irankiuzona.lt\/ru\/wp-json\/wp\/v2\/product_cat?post=402894"},{"taxonomy":"product_tag","embeddable":true,"href":"https:\/\/irankiuzona.lt\/ru\/wp-json\/wp\/v2\/product_tag?post=402894"}],"curies":[{"name":"wp","href":"https:\/\/api.w.org\/{rel}","templated":true}]}}