{"id":402900,"date":"2025-05-15T15:15:41","date_gmt":"2025-05-15T15:15:41","guid":{"rendered":"https:\/\/irankiuzona.lt\/product\/automobiline-diagnostika-obd-ii-eobd-2\/"},"modified":"2026-03-17T20:25:54","modified_gmt":"2026-03-17T20:25:54","slug":"automobiline-diagnostika-obd-ii-eobd-2","status":"publish","type":"product","link":"https:\/\/irankiuzona.lt\/ru\/product\/automobiline-diagnostika-obd-ii-eobd-2\/","title":{"rendered":"Automobilin\u0117 diagnostika OBD II EOBD"},"content":{"rendered":"<p>Funkcijos:Skaityti ir i\u0161trinti OBD-II klaidas &#8211; visi protokolaiSkaito u\u017eregistruotus klaid\u0173 kodus, d\u0117l kuri\u0173 MIL u\u017esideg\u0117Perskaitykite bendruosius ir gamintojo (DTC) klaid\u0173 kodus\u012e\u0161aldyt\u0173 r\u0117meli\u0173 per\u017ei\u016bra &#8211; u\u017e\u0161aldyti r\u0117maiKlaid\u0173 kod\u0173 reik\u0161m\u0117s tikrinimasLambda zondo ir kit\u0173 jutikli\u0173, susijusi\u0173 su kuro doz\u0117s valdymu, diagnostikaVIN rodymas automobiliuose nuo 2002 m. Ir v\u0117lesnis, palaikymo re\u017eimas 9<br \/>\nPalaikomi protokolai:SAE J1850 PWM (41,6 kbps)\u201eSAE J1850 VPW\u201c (10,4 kbps)ISO9141-2 (5 baud\u0173 inicijavimas, 10,4 kbps)ISO14230-4 KWP (5 baud\u0173 inicijavimas, 10,4 Kbps)ISO14230-4 KWP (greita prad\u017eia, 10,4 kbps)ISO15765-4 CAN (11 bit\u0173 ID, 500 kbps)ISO15765-4 CAN (29 bit\u0173 ID, 500 kbps)ISO15765-4 CAN (11 bit\u0173 ID, 250 kbps)ISO15765-4 CAN (29 bit\u0173 ID, 250 kbps)<br \/>\nSvoris 0,337kg<\/p>","protected":false},"excerpt":{"rendered":"<p>Automobilin\u0117 diagnostika OBD II EOBD<\/p>","protected":false},"featured_media":248557,"comment_status":"open","ping_status":"open","template":"","meta":[],"product_cat":[9697],"product_tag":[9810],"class_list":{"0":"post-402900","1":"product","2":"type-product","3":"status-publish","4":"has-post-thumbnail","6":"product_brand-geko-lenkija","7":"product_cat-aksesuarai-automobiliams","8":"product_tag-geko-lenkija","10":"first","11":"outofstock","12":"purchasable","13":"product-type-simple"},"jetpack_sharing_enabled":true,"_links":{"self":[{"href":"https:\/\/irankiuzona.lt\/ru\/wp-json\/wp\/v2\/product\/402900","targetHints":{"allow":["GET"]}}],"collection":[{"href":"https:\/\/irankiuzona.lt\/ru\/wp-json\/wp\/v2\/product"}],"about":[{"href":"https:\/\/irankiuzona.lt\/ru\/wp-json\/wp\/v2\/types\/product"}],"replies":[{"embeddable":true,"href":"https:\/\/irankiuzona.lt\/ru\/wp-json\/wp\/v2\/comments?post=402900"}],"version-history":[{"count":1,"href":"https:\/\/irankiuzona.lt\/ru\/wp-json\/wp\/v2\/product\/402900\/revisions"}],"predecessor-version":[{"id":418212,"href":"https:\/\/irankiuzona.lt\/ru\/wp-json\/wp\/v2\/product\/402900\/revisions\/418212"}],"wp:featuredmedia":[{"embeddable":true,"href":"https:\/\/irankiuzona.lt\/ru\/wp-json\/wp\/v2\/media\/248557"}],"wp:attachment":[{"href":"https:\/\/irankiuzona.lt\/ru\/wp-json\/wp\/v2\/media?parent=402900"}],"wp:term":[{"taxonomy":"product_cat","embeddable":true,"href":"https:\/\/irankiuzona.lt\/ru\/wp-json\/wp\/v2\/product_cat?post=402900"},{"taxonomy":"product_tag","embeddable":true,"href":"https:\/\/irankiuzona.lt\/ru\/wp-json\/wp\/v2\/product_tag?post=402900"}],"curies":[{"name":"wp","href":"https:\/\/api.w.org\/{rel}","templated":true}]}}