{"id":402906,"date":"2025-05-15T15:15:46","date_gmt":"2025-05-15T15:15:46","guid":{"rendered":"https:\/\/irankiuzona.lt\/product\/pneumo-zarna-atspari-tepalams-10x17mm-10m-2\/"},"modified":"2026-04-11T05:54:37","modified_gmt":"2026-04-11T05:54:37","slug":"pneumo-zarna-atspari-tepalams-10x17mm-10m-2","status":"publish","type":"product","link":"https:\/\/irankiuzona.lt\/ru\/product\/pneumo-zarna-atspari-tepalams-10x17mm-10m-2\/","title":{"rendered":"Pneumo \u017earna atspari tepalams 10x17mm, 10m"},"content":{"rendered":"<p>Techniniai duomenys<br \/>\nMed\u017eiaga: tepalui atspari gumaIlgis: 10 mVidinis \u017earnos skersmuo: 10 mm\u017darnos i\u0161orinis skersmuo: 17 mmDarbinis sl\u0117gis: 7-15 barOro jungtis: 1\/4 &quot;Svoris 2,8kg<\/p>","protected":false},"excerpt":{"rendered":"<p>Tepalams atspari \u017earna 10x17mm, 10m<\/p>","protected":false},"featured_media":248566,"comment_status":"open","ping_status":"open","template":"","meta":[],"product_cat":[9657],"product_tag":[9810],"class_list":{"0":"post-402906","1":"product","2":"type-product","3":"status-publish","4":"has-post-thumbnail","6":"product_brand-geko-lenkija","7":"product_cat-pneumatines-oro-zarnos","8":"product_tag-geko-lenkija","10":"first","11":"instock","12":"purchasable","13":"product-type-simple"},"jetpack_sharing_enabled":true,"_links":{"self":[{"href":"https:\/\/irankiuzona.lt\/ru\/wp-json\/wp\/v2\/product\/402906","targetHints":{"allow":["GET"]}}],"collection":[{"href":"https:\/\/irankiuzona.lt\/ru\/wp-json\/wp\/v2\/product"}],"about":[{"href":"https:\/\/irankiuzona.lt\/ru\/wp-json\/wp\/v2\/types\/product"}],"replies":[{"embeddable":true,"href":"https:\/\/irankiuzona.lt\/ru\/wp-json\/wp\/v2\/comments?post=402906"}],"version-history":[{"count":1,"href":"https:\/\/irankiuzona.lt\/ru\/wp-json\/wp\/v2\/product\/402906\/revisions"}],"predecessor-version":[{"id":418214,"href":"https:\/\/irankiuzona.lt\/ru\/wp-json\/wp\/v2\/product\/402906\/revisions\/418214"}],"wp:featuredmedia":[{"embeddable":true,"href":"https:\/\/irankiuzona.lt\/ru\/wp-json\/wp\/v2\/media\/248566"}],"wp:attachment":[{"href":"https:\/\/irankiuzona.lt\/ru\/wp-json\/wp\/v2\/media?parent=402906"}],"wp:term":[{"taxonomy":"product_cat","embeddable":true,"href":"https:\/\/irankiuzona.lt\/ru\/wp-json\/wp\/v2\/product_cat?post=402906"},{"taxonomy":"product_tag","embeddable":true,"href":"https:\/\/irankiuzona.lt\/ru\/wp-json\/wp\/v2\/product_tag?post=402906"}],"curies":[{"name":"wp","href":"https:\/\/api.w.org\/{rel}","templated":true}]}}