{"id":402908,"date":"2025-05-15T15:15:48","date_gmt":"2025-05-15T15:15:48","guid":{"rendered":"https:\/\/irankiuzona.lt\/product\/priputimo-pistoletas-su-manometru-12bar-2\/"},"modified":"2026-04-11T04:02:52","modified_gmt":"2026-04-11T04:02:52","slug":"priputimo-pistoletas-su-manometru-12bar-2","status":"publish","type":"product","link":"https:\/\/irankiuzona.lt\/ru\/product\/priputimo-pistoletas-su-manometru-12bar-2\/","title":{"rendered":"Prip\u016btimo pistoletas su manometru 12bar"},"content":{"rendered":"<p>Prek\u0117s savyb\u0117s:<\/p>\n<p>lengvas ir patogus<br \/>\ndidelis, lengvai skaitomas manometras<br \/>\nskal\u0117 0 &#8211; 12 bar\u0173 \/ 0 &#8211; 170 psi<br \/>\n\u017earnos ilgis 45 cm<br \/>\nmetalinis korpusas<br \/>\nguminis matuoklio dangtelis, apsaugantis nuo sm\u016bgi\u0173<br \/>\nergonomi\u0161ka rankena, padengta plastiku<br \/>\n1\/4 &quot;EURO greita jungtis<\/p>\n<p>Techniniai duomenys<\/p>\n<p>Monometro skersmuo: 100 mm<br \/>\n\u017darnos ilgis: 45 cm<br \/>\nDid\u017eiausias sl\u0117gis: 12 bar\u0173<br \/>\nMatavimo skal\u0117: 0 &#8211; 12 bar\u0173 \/ 0 &#8211; 170 psi<\/p>","protected":false},"excerpt":{"rendered":"<p>Prip\u016btimo pistoletas su manometru 12bar<\/p>","protected":false},"featured_media":248569,"comment_status":"open","ping_status":"open","template":"","meta":[],"product_cat":[9472],"product_tag":[9810],"class_list":{"0":"post-402908","1":"product","2":"type-product","3":"status-publish","4":"has-post-thumbnail","6":"product_brand-geko-lenkija","7":"product_cat-pistoletai-padangu-putimui","8":"product_tag-geko-lenkija","10":"first","11":"instock","12":"purchasable","13":"product-type-simple"},"jetpack_sharing_enabled":true,"_links":{"self":[{"href":"https:\/\/irankiuzona.lt\/ru\/wp-json\/wp\/v2\/product\/402908","targetHints":{"allow":["GET"]}}],"collection":[{"href":"https:\/\/irankiuzona.lt\/ru\/wp-json\/wp\/v2\/product"}],"about":[{"href":"https:\/\/irankiuzona.lt\/ru\/wp-json\/wp\/v2\/types\/product"}],"replies":[{"embeddable":true,"href":"https:\/\/irankiuzona.lt\/ru\/wp-json\/wp\/v2\/comments?post=402908"}],"version-history":[{"count":1,"href":"https:\/\/irankiuzona.lt\/ru\/wp-json\/wp\/v2\/product\/402908\/revisions"}],"predecessor-version":[{"id":418215,"href":"https:\/\/irankiuzona.lt\/ru\/wp-json\/wp\/v2\/product\/402908\/revisions\/418215"}],"wp:featuredmedia":[{"embeddable":true,"href":"https:\/\/irankiuzona.lt\/ru\/wp-json\/wp\/v2\/media\/248569"}],"wp:attachment":[{"href":"https:\/\/irankiuzona.lt\/ru\/wp-json\/wp\/v2\/media?parent=402908"}],"wp:term":[{"taxonomy":"product_cat","embeddable":true,"href":"https:\/\/irankiuzona.lt\/ru\/wp-json\/wp\/v2\/product_cat?post=402908"},{"taxonomy":"product_tag","embeddable":true,"href":"https:\/\/irankiuzona.lt\/ru\/wp-json\/wp\/v2\/product_tag?post=402908"}],"curies":[{"name":"wp","href":"https:\/\/api.w.org\/{rel}","templated":true}]}}