{"id":402926,"date":"2025-05-15T15:16:03","date_gmt":"2025-05-15T15:16:03","guid":{"rendered":"https:\/\/irankiuzona.lt\/product\/sriegikliu-ir-sriegpjoviu-komplektas-m3-m12-32daliu-3\/"},"modified":"2026-05-16T19:38:31","modified_gmt":"2026-05-16T19:38:31","slug":"sriegikliu-ir-sriegpjoviu-komplektas-m3-m12-32daliu-3","status":"publish","type":"product","link":"https:\/\/irankiuzona.lt\/ru\/product\/sriegikliu-ir-sriegpjoviu-komplektas-m3-m12-32daliu-3\/","title":{"rendered":"Sriegikli\u0173 ir sriegpjovi\u0173 komplektas \/ M3-M12 \/ 32dali\u0173"},"content":{"rendered":"<p>Komplekte: M3x0,5 &#8211; M4x0,7 &#8211; M5x0,8 &#8211; M6x1,0 &#8211; M8x1,25 &#8211; M10x1,5 &#8211; M12x1,75.<\/p>","protected":false},"excerpt":{"rendered":"<p>Sriegimo komplektas GEKO metalin\u0117je d\u0117\u017eut\u0117je: sriegikliai ir sriegpjov\u0117s \/ M3-M12<\/p>","protected":false},"featured_media":248595,"comment_status":"open","ping_status":"open","template":"","meta":[],"product_cat":[9546],"product_tag":[9810],"class_list":{"0":"post-402926","1":"product","2":"type-product","3":"status-publish","4":"has-post-thumbnail","6":"product_brand-geko-lenkija","7":"product_cat-sriegikliu-ir-sriegpjoviu-komplektai","8":"product_tag-geko-lenkija","10":"first","11":"outofstock","12":"purchasable","13":"product-type-simple"},"jetpack_sharing_enabled":true,"_links":{"self":[{"href":"https:\/\/irankiuzona.lt\/ru\/wp-json\/wp\/v2\/product\/402926","targetHints":{"allow":["GET"]}}],"collection":[{"href":"https:\/\/irankiuzona.lt\/ru\/wp-json\/wp\/v2\/product"}],"about":[{"href":"https:\/\/irankiuzona.lt\/ru\/wp-json\/wp\/v2\/types\/product"}],"replies":[{"embeddable":true,"href":"https:\/\/irankiuzona.lt\/ru\/wp-json\/wp\/v2\/comments?post=402926"}],"version-history":[{"count":1,"href":"https:\/\/irankiuzona.lt\/ru\/wp-json\/wp\/v2\/product\/402926\/revisions"}],"predecessor-version":[{"id":418224,"href":"https:\/\/irankiuzona.lt\/ru\/wp-json\/wp\/v2\/product\/402926\/revisions\/418224"}],"wp:featuredmedia":[{"embeddable":true,"href":"https:\/\/irankiuzona.lt\/ru\/wp-json\/wp\/v2\/media\/248595"}],"wp:attachment":[{"href":"https:\/\/irankiuzona.lt\/ru\/wp-json\/wp\/v2\/media?parent=402926"}],"wp:term":[{"taxonomy":"product_cat","embeddable":true,"href":"https:\/\/irankiuzona.lt\/ru\/wp-json\/wp\/v2\/product_cat?post=402926"},{"taxonomy":"product_tag","embeddable":true,"href":"https:\/\/irankiuzona.lt\/ru\/wp-json\/wp\/v2\/product_tag?post=402926"}],"curies":[{"name":"wp","href":"https:\/\/api.w.org\/{rel}","templated":true}]}}