{"id":402934,"date":"2025-05-15T15:16:13","date_gmt":"2025-05-15T15:16:13","guid":{"rendered":"https:\/\/irankiuzona.lt\/product\/magnetine-juosta-irankiams-500mm-2\/"},"modified":"2026-04-15T17:41:51","modified_gmt":"2026-04-15T17:41:51","slug":"magnetine-juosta-irankiams-500mm-2","status":"publish","type":"product","link":"https:\/\/irankiuzona.lt\/ru\/product\/magnetine-juosta-irankiams-500mm-2\/","title":{"rendered":"Magnetin\u0117 juosta \u012frankiams 500mm"},"content":{"rendered":"","protected":false},"excerpt":{"rendered":"<p>Magnetin\u0117 juosta \u012frankiams 500mm<\/p>","protected":false},"featured_media":248606,"comment_status":"open","ping_status":"open","template":"","meta":[],"product_cat":[9616],"product_tag":[9810],"class_list":{"0":"post-402934","1":"product","2":"type-product","3":"status-publish","4":"has-post-thumbnail","6":"product_brand-geko-lenkija","7":"product_cat-magnetines-lekstutes-magnetines-juostos","8":"product_tag-geko-lenkija","10":"first","11":"instock","12":"purchasable","13":"product-type-simple"},"jetpack_sharing_enabled":true,"_links":{"self":[{"href":"https:\/\/irankiuzona.lt\/ru\/wp-json\/wp\/v2\/product\/402934","targetHints":{"allow":["GET"]}}],"collection":[{"href":"https:\/\/irankiuzona.lt\/ru\/wp-json\/wp\/v2\/product"}],"about":[{"href":"https:\/\/irankiuzona.lt\/ru\/wp-json\/wp\/v2\/types\/product"}],"replies":[{"embeddable":true,"href":"https:\/\/irankiuzona.lt\/ru\/wp-json\/wp\/v2\/comments?post=402934"}],"version-history":[{"count":1,"href":"https:\/\/irankiuzona.lt\/ru\/wp-json\/wp\/v2\/product\/402934\/revisions"}],"predecessor-version":[{"id":418228,"href":"https:\/\/irankiuzona.lt\/ru\/wp-json\/wp\/v2\/product\/402934\/revisions\/418228"}],"wp:featuredmedia":[{"embeddable":true,"href":"https:\/\/irankiuzona.lt\/ru\/wp-json\/wp\/v2\/media\/248606"}],"wp:attachment":[{"href":"https:\/\/irankiuzona.lt\/ru\/wp-json\/wp\/v2\/media?parent=402934"}],"wp:term":[{"taxonomy":"product_cat","embeddable":true,"href":"https:\/\/irankiuzona.lt\/ru\/wp-json\/wp\/v2\/product_cat?post=402934"},{"taxonomy":"product_tag","embeddable":true,"href":"https:\/\/irankiuzona.lt\/ru\/wp-json\/wp\/v2\/product_tag?post=402934"}],"curies":[{"name":"wp","href":"https:\/\/api.w.org\/{rel}","templated":true}]}}