{"id":402936,"date":"2025-05-15T15:17:26","date_gmt":"2025-05-15T15:17:26","guid":{"rendered":"https:\/\/irankiuzona.lt\/product\/spyruokliu-suspaudejai-2-380mm-2\/"},"modified":"2026-04-15T19:03:57","modified_gmt":"2026-04-15T19:03:57","slug":"spyruokliu-suspaudejai-2-380mm-2","status":"publish","type":"product","link":"https:\/\/irankiuzona.lt\/ru\/product\/spyruokliu-suspaudejai-2-380mm-2\/","title":{"rendered":"Spyruokli\u0173 suspaud\u0117jai *2  380mm"},"content":{"rendered":"<p>Techniniai duomenysMa\u017eiausias p\u0117d\u0173 atstumas: 105 mmMaksimalus p\u0117d\u0173 atstumas: 380 mmMatmenys: 380 x 20 mmTinka ver\u017eliarak\u010diui: 21 mm Vienet\u0173 skai\u010dius rinkinyje: 2Svoris:1,91kg<\/p>","protected":false},"excerpt":{"rendered":"<p>Spyruokli\u0173 suspaud\u0117jai *2\u00a0 380mm<\/p>","protected":false},"featured_media":248814,"comment_status":"open","ping_status":"open","template":"","meta":[],"product_cat":[9723],"product_tag":[9810],"class_list":{"0":"post-402936","1":"product","2":"type-product","3":"status-publish","4":"has-post-thumbnail","6":"product_brand-geko-lenkija","7":"product_cat-spyruokliu-suspaudimo-irankiai","8":"product_tag-geko-lenkija","10":"first","11":"instock","12":"purchasable","13":"product-type-simple"},"jetpack_sharing_enabled":true,"_links":{"self":[{"href":"https:\/\/irankiuzona.lt\/ru\/wp-json\/wp\/v2\/product\/402936","targetHints":{"allow":["GET"]}}],"collection":[{"href":"https:\/\/irankiuzona.lt\/ru\/wp-json\/wp\/v2\/product"}],"about":[{"href":"https:\/\/irankiuzona.lt\/ru\/wp-json\/wp\/v2\/types\/product"}],"replies":[{"embeddable":true,"href":"https:\/\/irankiuzona.lt\/ru\/wp-json\/wp\/v2\/comments?post=402936"}],"version-history":[{"count":1,"href":"https:\/\/irankiuzona.lt\/ru\/wp-json\/wp\/v2\/product\/402936\/revisions"}],"predecessor-version":[{"id":418289,"href":"https:\/\/irankiuzona.lt\/ru\/wp-json\/wp\/v2\/product\/402936\/revisions\/418289"}],"wp:featuredmedia":[{"embeddable":true,"href":"https:\/\/irankiuzona.lt\/ru\/wp-json\/wp\/v2\/media\/248814"}],"wp:attachment":[{"href":"https:\/\/irankiuzona.lt\/ru\/wp-json\/wp\/v2\/media?parent=402936"}],"wp:term":[{"taxonomy":"product_cat","embeddable":true,"href":"https:\/\/irankiuzona.lt\/ru\/wp-json\/wp\/v2\/product_cat?post=402936"},{"taxonomy":"product_tag","embeddable":true,"href":"https:\/\/irankiuzona.lt\/ru\/wp-json\/wp\/v2\/product_tag?post=402936"}],"curies":[{"name":"wp","href":"https:\/\/api.w.org\/{rel}","templated":true}]}}