{"id":402952,"date":"2025-05-15T15:18:30","date_gmt":"2025-05-15T15:18:30","guid":{"rendered":"https:\/\/irankiuzona.lt\/product\/spyruokliu-suspaudejai-120-325mm-mercedes-2\/"},"modified":"2026-04-17T05:42:17","modified_gmt":"2026-04-17T05:42:17","slug":"spyruokliu-suspaudejai-120-325mm-mercedes-2","status":"publish","type":"product","link":"https:\/\/irankiuzona.lt\/ru\/product\/spyruokliu-suspaudejai-120-325mm-mercedes-2\/","title":{"rendered":"Spyruokli\u0173 suspaud\u0117jai (120-325mm) Mercedes"},"content":{"rendered":"<p>Produkto charakteristikosTeleskopinis spyruoklinis kompresorius, kurio diapazonas yra 120 &#8211; 325 mmTrij\u0173 pakop\u0173 rankinio saugos u\u017eraktasDiskai, kuri\u0173 darbinis diapazonas yra 70 &#8211; 130 mm ir 90 &#8211; 150 mm\u201eMercedes\u201c: 107W, 116W, 123W, 124W, 126W, 129W, 140W, 170W, 201W, 202W, 208W, 210W, 211W\u201eBMW E31\u201c, \u201eSaab 90\u201c, \u201eSaab 900\u201c, \u201eChrysler\u201c, \u201eFord\u201c, \u201eSkoda\u201c, \u201eOpel\u201c, \u201ePeugeot 406\/605\u201c, \u201eVolvo\u201c,\u201eHyundai\u201c, \u201eToyota\u201c, \u201eMitsubishi\u201c.Komplekto komponentaiTeleskopinis rankena 120 &#8211; 325 mm2 x plok\u0161t\u0117 70 &#8211; 130 mm2 x plok\u0161t\u0117 90 &#8211; 150 mmSvoris:\u00a0 6,5kg<\/p>","protected":false},"excerpt":{"rendered":"<p>Spyruokli\u0173 suspaud\u0117jai (120-325mm) Mercedes<\/p>","protected":false},"featured_media":248961,"comment_status":"open","ping_status":"open","template":"","meta":[],"product_cat":[9723],"product_tag":[9810],"class_list":{"0":"post-402952","1":"product","2":"type-product","3":"status-publish","4":"has-post-thumbnail","6":"product_brand-geko-lenkija","7":"product_cat-spyruokliu-suspaudimo-irankiai","8":"product_tag-geko-lenkija","10":"first","11":"outofstock","12":"purchasable","13":"product-type-simple"},"jetpack_sharing_enabled":true,"_links":{"self":[{"href":"https:\/\/irankiuzona.lt\/ru\/wp-json\/wp\/v2\/product\/402952","targetHints":{"allow":["GET"]}}],"collection":[{"href":"https:\/\/irankiuzona.lt\/ru\/wp-json\/wp\/v2\/product"}],"about":[{"href":"https:\/\/irankiuzona.lt\/ru\/wp-json\/wp\/v2\/types\/product"}],"replies":[{"embeddable":true,"href":"https:\/\/irankiuzona.lt\/ru\/wp-json\/wp\/v2\/comments?post=402952"}],"version-history":[{"count":1,"href":"https:\/\/irankiuzona.lt\/ru\/wp-json\/wp\/v2\/product\/402952\/revisions"}],"predecessor-version":[{"id":418339,"href":"https:\/\/irankiuzona.lt\/ru\/wp-json\/wp\/v2\/product\/402952\/revisions\/418339"}],"wp:featuredmedia":[{"embeddable":true,"href":"https:\/\/irankiuzona.lt\/ru\/wp-json\/wp\/v2\/media\/248961"}],"wp:attachment":[{"href":"https:\/\/irankiuzona.lt\/ru\/wp-json\/wp\/v2\/media?parent=402952"}],"wp:term":[{"taxonomy":"product_cat","embeddable":true,"href":"https:\/\/irankiuzona.lt\/ru\/wp-json\/wp\/v2\/product_cat?post=402952"},{"taxonomy":"product_tag","embeddable":true,"href":"https:\/\/irankiuzona.lt\/ru\/wp-json\/wp\/v2\/product_tag?post=402952"}],"curies":[{"name":"wp","href":"https:\/\/api.w.org\/{rel}","templated":true}]}}