{"id":402956,"date":"2025-05-15T15:18:33","date_gmt":"2025-05-15T15:18:33","guid":{"rendered":"https:\/\/irankiuzona.lt\/product\/raktas-alyvos-filtrui-46mm-haldex-vag-sw46-2\/"},"modified":"2026-03-16T14:46:04","modified_gmt":"2026-03-16T14:46:04","slug":"raktas-alyvos-filtrui-46mm-haldex-vag-sw46-2","status":"publish","type":"product","link":"https:\/\/irankiuzona.lt\/ru\/product\/raktas-alyvos-filtrui-46mm-haldex-vag-sw46-2\/","title":{"rendered":"Raktas alyvos filtrui 46mm Haldex VAG SW46"},"content":{"rendered":"<p>Alyvos filtro ver\u017eliaraktis, skirtas \u201eHaldex\u201c\u00a0(Volkswagen vis\u0173 varom\u0173 rat\u0173 sistemai); Dydis: 46mm x 12 kamp\u0173.<\/p>","protected":false},"excerpt":{"rendered":"<p>Spec. raktas\u00a0tepalo filtrui 46mm Haldex Volkswagen VAG-SW46 \/ Volkswagen all-road<\/p>","protected":false},"featured_media":248967,"comment_status":"open","ping_status":"open","template":"","meta":[],"product_cat":[9705],"product_tag":[9810],"class_list":{"0":"post-402956","1":"product","2":"type-product","3":"status-publish","4":"has-post-thumbnail","6":"product_brand-geko-lenkija","7":"product_cat-galvutes-tepalo-filtrui","8":"product_tag-geko-lenkija","10":"first","11":"outofstock","12":"purchasable","13":"product-type-simple"},"jetpack_sharing_enabled":true,"_links":{"self":[{"href":"https:\/\/irankiuzona.lt\/ru\/wp-json\/wp\/v2\/product\/402956","targetHints":{"allow":["GET"]}}],"collection":[{"href":"https:\/\/irankiuzona.lt\/ru\/wp-json\/wp\/v2\/product"}],"about":[{"href":"https:\/\/irankiuzona.lt\/ru\/wp-json\/wp\/v2\/types\/product"}],"replies":[{"embeddable":true,"href":"https:\/\/irankiuzona.lt\/ru\/wp-json\/wp\/v2\/comments?post=402956"}],"version-history":[{"count":1,"href":"https:\/\/irankiuzona.lt\/ru\/wp-json\/wp\/v2\/product\/402956\/revisions"}],"predecessor-version":[{"id":418341,"href":"https:\/\/irankiuzona.lt\/ru\/wp-json\/wp\/v2\/product\/402956\/revisions\/418341"}],"wp:featuredmedia":[{"embeddable":true,"href":"https:\/\/irankiuzona.lt\/ru\/wp-json\/wp\/v2\/media\/248967"}],"wp:attachment":[{"href":"https:\/\/irankiuzona.lt\/ru\/wp-json\/wp\/v2\/media?parent=402956"}],"wp:term":[{"taxonomy":"product_cat","embeddable":true,"href":"https:\/\/irankiuzona.lt\/ru\/wp-json\/wp\/v2\/product_cat?post=402956"},{"taxonomy":"product_tag","embeddable":true,"href":"https:\/\/irankiuzona.lt\/ru\/wp-json\/wp\/v2\/product_tag?post=402956"}],"curies":[{"name":"wp","href":"https:\/\/api.w.org\/{rel}","templated":true}]}}