{"id":402960,"date":"2025-05-15T15:18:37","date_gmt":"2025-05-15T15:18:37","guid":{"rendered":"https:\/\/irankiuzona.lt\/product\/lekstele-tepalo-filtrui-toyota-645mm-14-kampu-2\/"},"modified":"2026-03-16T14:46:06","modified_gmt":"2026-03-16T14:46:06","slug":"lekstele-tepalo-filtrui-toyota-645mm-14-kampu-2","status":"publish","type":"product","link":"https:\/\/irankiuzona.lt\/ru\/product\/lekstele-tepalo-filtrui-toyota-645mm-14-kampu-2\/","title":{"rendered":"L\u0117k\u0161tel\u0117 tepalo filtrui Toyota 64,5mm 14-kamp\u0173"},"content":{"rendered":"<p>Lizdas: 3\/8Dydis: 64.5mm x 14 kamp\u0173<\/p>","protected":false},"excerpt":{"rendered":"<p>Galvut\u0117-dangtelis\u00a0tepalo filtrui Toyota 64.5mm 14-kamp\u0173 \/ 3\/8<\/p>","protected":false},"featured_media":248973,"comment_status":"open","ping_status":"open","template":"","meta":[],"product_cat":[9705],"product_tag":[9810],"class_list":{"0":"post-402960","1":"product","2":"type-product","3":"status-publish","4":"has-post-thumbnail","6":"product_brand-geko-lenkija","7":"product_cat-galvutes-tepalo-filtrui","8":"product_tag-geko-lenkija","10":"first","11":"outofstock","12":"purchasable","13":"product-type-simple"},"jetpack_sharing_enabled":true,"_links":{"self":[{"href":"https:\/\/irankiuzona.lt\/ru\/wp-json\/wp\/v2\/product\/402960","targetHints":{"allow":["GET"]}}],"collection":[{"href":"https:\/\/irankiuzona.lt\/ru\/wp-json\/wp\/v2\/product"}],"about":[{"href":"https:\/\/irankiuzona.lt\/ru\/wp-json\/wp\/v2\/types\/product"}],"replies":[{"embeddable":true,"href":"https:\/\/irankiuzona.lt\/ru\/wp-json\/wp\/v2\/comments?post=402960"}],"version-history":[{"count":1,"href":"https:\/\/irankiuzona.lt\/ru\/wp-json\/wp\/v2\/product\/402960\/revisions"}],"predecessor-version":[{"id":418343,"href":"https:\/\/irankiuzona.lt\/ru\/wp-json\/wp\/v2\/product\/402960\/revisions\/418343"}],"wp:featuredmedia":[{"embeddable":true,"href":"https:\/\/irankiuzona.lt\/ru\/wp-json\/wp\/v2\/media\/248973"}],"wp:attachment":[{"href":"https:\/\/irankiuzona.lt\/ru\/wp-json\/wp\/v2\/media?parent=402960"}],"wp:term":[{"taxonomy":"product_cat","embeddable":true,"href":"https:\/\/irankiuzona.lt\/ru\/wp-json\/wp\/v2\/product_cat?post=402960"},{"taxonomy":"product_tag","embeddable":true,"href":"https:\/\/irankiuzona.lt\/ru\/wp-json\/wp\/v2\/product_tag?post=402960"}],"curies":[{"name":"wp","href":"https:\/\/api.w.org\/{rel}","templated":true}]}}