{"id":402962,"date":"2025-05-15T15:18:38","date_gmt":"2025-05-15T15:18:38","guid":{"rendered":"https:\/\/irankiuzona.lt\/product\/sailentbloku-presavimo-komplektas-9vnt-2\/"},"modified":"2026-04-16T21:56:15","modified_gmt":"2026-04-16T21:56:15","slug":"sailentbloku-presavimo-komplektas-9vnt-2","status":"publish","type":"product","link":"https:\/\/irankiuzona.lt\/ru\/product\/sailentbloku-presavimo-komplektas-9vnt-2\/","title":{"rendered":"Sailentblok\u0173 presavimo komplektas 9vnt."},"content":{"rendered":"<p>Komplekto turinys:C formos sraigtinis presascentravimo kai\u0161tis3 dyd\u017ei\u0173 \u012fvor\u0117s [skersmuo x ilgis]: 2-3 \/ 4 &quot;x 3&quot;, 2-1 \/ 4 &quot;x 2-1 \/ 2&quot;, 1-3 \/ 4 &quot;x 2&quot; (44 \/ 50mm x 46mm) ,57 \/ 63mm x 45mm, 70 \/ 76mm x 60mm)i\u0161orinis tvirtinimo adapteris [skersmuo x ilgis]: 2-1 \/ 4 &quot;x 0,845&quot; (48 \/ 52mm x 21mm)vidin\u0117 tvirtinimo \u012fvor\u0117 1-3 \/ 4 &quot;(46\/50 x 63mm)i\u0161orinis adapteris [skersmuo x ilgis]: 2-1 \/ 4 &quot;x 2-1 \/ 2&quot; (51 \/ 57mm x 63mm)montavimo adapteris pakopinis vidinis 0.941 &quot;pakopinis i\u0161orinis 1\/2 &quot;i\u0161montavimo adapterisSvoris:7,5kg<\/p>\n","protected":false},"excerpt":{"rendered":"<p>Sailentblok\u0173 presavimo komplektas 9vnt.<\/p>","protected":false},"featured_media":248976,"comment_status":"open","ping_status":"open","template":"","meta":[],"product_cat":[9731],"product_tag":[9810],"class_list":{"0":"post-402962","1":"product","2":"type-product","3":"status-publish","4":"has-post-thumbnail","6":"product_brand-geko-lenkija","7":"product_cat-guoliu-sailentbloku-presavimo-irankiai","8":"product_tag-geko-lenkija","10":"first","11":"instock","12":"purchasable","13":"product-type-simple"},"jetpack_sharing_enabled":true,"_links":{"self":[{"href":"https:\/\/irankiuzona.lt\/ru\/wp-json\/wp\/v2\/product\/402962","targetHints":{"allow":["GET"]}}],"collection":[{"href":"https:\/\/irankiuzona.lt\/ru\/wp-json\/wp\/v2\/product"}],"about":[{"href":"https:\/\/irankiuzona.lt\/ru\/wp-json\/wp\/v2\/types\/product"}],"replies":[{"embeddable":true,"href":"https:\/\/irankiuzona.lt\/ru\/wp-json\/wp\/v2\/comments?post=402962"}],"version-history":[{"count":1,"href":"https:\/\/irankiuzona.lt\/ru\/wp-json\/wp\/v2\/product\/402962\/revisions"}],"predecessor-version":[{"id":418344,"href":"https:\/\/irankiuzona.lt\/ru\/wp-json\/wp\/v2\/product\/402962\/revisions\/418344"}],"wp:featuredmedia":[{"embeddable":true,"href":"https:\/\/irankiuzona.lt\/ru\/wp-json\/wp\/v2\/media\/248976"}],"wp:attachment":[{"href":"https:\/\/irankiuzona.lt\/ru\/wp-json\/wp\/v2\/media?parent=402962"}],"wp:term":[{"taxonomy":"product_cat","embeddable":true,"href":"https:\/\/irankiuzona.lt\/ru\/wp-json\/wp\/v2\/product_cat?post=402962"},{"taxonomy":"product_tag","embeddable":true,"href":"https:\/\/irankiuzona.lt\/ru\/wp-json\/wp\/v2\/product_tag?post=402962"}],"curies":[{"name":"wp","href":"https:\/\/api.w.org\/{rel}","templated":true}]}}