{"id":402966,"date":"2025-05-15T15:18:41","date_gmt":"2025-05-15T15:18:41","guid":{"rendered":"https:\/\/irankiuzona.lt\/product\/stetoskopas-8\/"},"modified":"2026-04-16T15:39:54","modified_gmt":"2026-04-16T15:39:54","slug":"stetoskopas-8","status":"publish","type":"product","link":"https:\/\/irankiuzona.lt\/ru\/product\/stetoskopas-8\/","title":{"rendered":"Stetoskopas"},"content":{"rendered":"<p>Nustato triuk\u0161mo \u0161altinio viet\u0105 greitai.Klausykite problem\u0173 sekdami tekan\u010dio vandens, alyvos, duj\u0173 ar gar\u0173 gars\u0105.Identifikuokite st\u016bmoklio pliauk\u0161tel\u0117jim\u0105, sud\u0117v\u0117tus \u012frenginius, defektuotus vo\u017etuvus, vandens pompos gedim\u0105, sugadintas tarpines ir sugadintus guolius.Rankena yra atspari sm\u016bgiams.I\u0161ardomas sand\u0117liavimui.Svoris:0,146kg<\/p>","protected":false},"excerpt":{"rendered":"<p>Stetoskopas<\/p>","protected":false},"featured_media":248982,"comment_status":"open","ping_status":"open","template":"","meta":[],"product_cat":[9550],"product_tag":[9810],"class_list":{"0":"post-402966","1":"product","2":"type-product","3":"status-publish","4":"has-post-thumbnail","6":"product_brand-geko-lenkija","7":"product_cat-kiti-matuokliai-stetoskopai-termometrai-karbiuratoriams","8":"product_tag-geko-lenkija","10":"first","11":"outofstock","12":"purchasable","13":"product-type-simple"},"jetpack_sharing_enabled":true,"_links":{"self":[{"href":"https:\/\/irankiuzona.lt\/ru\/wp-json\/wp\/v2\/product\/402966","targetHints":{"allow":["GET"]}}],"collection":[{"href":"https:\/\/irankiuzona.lt\/ru\/wp-json\/wp\/v2\/product"}],"about":[{"href":"https:\/\/irankiuzona.lt\/ru\/wp-json\/wp\/v2\/types\/product"}],"replies":[{"embeddable":true,"href":"https:\/\/irankiuzona.lt\/ru\/wp-json\/wp\/v2\/comments?post=402966"}],"version-history":[{"count":1,"href":"https:\/\/irankiuzona.lt\/ru\/wp-json\/wp\/v2\/product\/402966\/revisions"}],"predecessor-version":[{"id":418346,"href":"https:\/\/irankiuzona.lt\/ru\/wp-json\/wp\/v2\/product\/402966\/revisions\/418346"}],"wp:featuredmedia":[{"embeddable":true,"href":"https:\/\/irankiuzona.lt\/ru\/wp-json\/wp\/v2\/media\/248982"}],"wp:attachment":[{"href":"https:\/\/irankiuzona.lt\/ru\/wp-json\/wp\/v2\/media?parent=402966"}],"wp:term":[{"taxonomy":"product_cat","embeddable":true,"href":"https:\/\/irankiuzona.lt\/ru\/wp-json\/wp\/v2\/product_cat?post=402966"},{"taxonomy":"product_tag","embeddable":true,"href":"https:\/\/irankiuzona.lt\/ru\/wp-json\/wp\/v2\/product_tag?post=402966"}],"curies":[{"name":"wp","href":"https:\/\/api.w.org\/{rel}","templated":true}]}}