{"id":402968,"date":"2025-05-15T15:18:43","date_gmt":"2025-05-15T15:18:43","guid":{"rendered":"https:\/\/irankiuzona.lt\/product\/dirzeliu-montavimo-irankis-universalus-2-2\/"},"modified":"2026-04-16T13:16:11","modified_gmt":"2026-04-16T13:16:11","slug":"dirzeliu-montavimo-irankis-universalus-2-2","status":"publish","type":"product","link":"https:\/\/irankiuzona.lt\/ru\/product\/dirzeliu-montavimo-irankis-universalus-2-2\/","title":{"rendered":"Dir\u017eeli\u0173 montavimo \u012frankis, universalus *2"},"content":{"rendered":"<p>Universalus vis\u0173 \u012ftempiam\u0173 dir\u017e\u0173 montavimas ir nu\u0117mimas<\/p>","protected":false},"excerpt":{"rendered":"<p>Dir\u017eeli\u0173 montavimo \u012frankis, universalus *2<\/p>","protected":false},"featured_media":248985,"comment_status":"open","ping_status":"open","template":"","meta":[],"product_cat":[9554],"product_tag":[9810],"class_list":{"0":"post-402968","1":"product","2":"type-product","3":"status-publish","4":"has-post-thumbnail","6":"product_brand-geko-lenkija","7":"product_cat-irankiai-dirzeliui-dirzo-itempimui","8":"product_tag-geko-lenkija","10":"first","11":"instock","12":"purchasable","13":"product-type-simple"},"jetpack_sharing_enabled":true,"_links":{"self":[{"href":"https:\/\/irankiuzona.lt\/ru\/wp-json\/wp\/v2\/product\/402968","targetHints":{"allow":["GET"]}}],"collection":[{"href":"https:\/\/irankiuzona.lt\/ru\/wp-json\/wp\/v2\/product"}],"about":[{"href":"https:\/\/irankiuzona.lt\/ru\/wp-json\/wp\/v2\/types\/product"}],"replies":[{"embeddable":true,"href":"https:\/\/irankiuzona.lt\/ru\/wp-json\/wp\/v2\/comments?post=402968"}],"version-history":[{"count":1,"href":"https:\/\/irankiuzona.lt\/ru\/wp-json\/wp\/v2\/product\/402968\/revisions"}],"predecessor-version":[{"id":418347,"href":"https:\/\/irankiuzona.lt\/ru\/wp-json\/wp\/v2\/product\/402968\/revisions\/418347"}],"wp:featuredmedia":[{"embeddable":true,"href":"https:\/\/irankiuzona.lt\/ru\/wp-json\/wp\/v2\/media\/248985"}],"wp:attachment":[{"href":"https:\/\/irankiuzona.lt\/ru\/wp-json\/wp\/v2\/media?parent=402968"}],"wp:term":[{"taxonomy":"product_cat","embeddable":true,"href":"https:\/\/irankiuzona.lt\/ru\/wp-json\/wp\/v2\/product_cat?post=402968"},{"taxonomy":"product_tag","embeddable":true,"href":"https:\/\/irankiuzona.lt\/ru\/wp-json\/wp\/v2\/product_tag?post=402968"}],"curies":[{"name":"wp","href":"https:\/\/api.w.org\/{rel}","templated":true}]}}