{"id":402972,"date":"2025-05-15T15:18:46","date_gmt":"2025-05-15T15:18:46","guid":{"rendered":"https:\/\/irankiuzona.lt\/product\/dirzelio-itempimo-irankis-vag-reguliuojamas-2\/"},"modified":"2026-04-13T21:36:51","modified_gmt":"2026-04-13T21:36:51","slug":"dirzelio-itempimo-irankis-vag-reguliuojamas-2","status":"publish","type":"product","link":"https:\/\/irankiuzona.lt\/ru\/product\/dirzelio-itempimo-irankis-vag-reguliuojamas-2\/","title":{"rendered":"Dir\u017eelio \u012ftempimo \u012frankis VAG \/ reguliuojamas"},"content":{"rendered":"<p>Galimyb\u0117 fiksuoti 3 vietose galvos pasukim\u0105, patogesniam pri\u0117jimui.Naudojamas dir\u017eelio \u012ftemp\u0117jui atlaisvinti AUDI &#8211; VOLKSWAGEN &#8211; VAG automobiliuose.<\/p>","protected":false},"excerpt":{"rendered":"<p>Raktas Audi-VW dir\u017eui \u012ftempti su 3 fiksavimo galimyb\u0117mis<\/p>","protected":false},"featured_media":248992,"comment_status":"open","ping_status":"open","template":"","meta":[],"product_cat":[9554],"product_tag":[9810],"class_list":{"0":"post-402972","1":"product","2":"type-product","3":"status-publish","4":"has-post-thumbnail","6":"product_brand-geko-lenkija","7":"product_cat-irankiai-dirzeliui-dirzo-itempimui","8":"product_tag-geko-lenkija","10":"first","11":"outofstock","12":"purchasable","13":"product-type-simple"},"jetpack_sharing_enabled":true,"_links":{"self":[{"href":"https:\/\/irankiuzona.lt\/ru\/wp-json\/wp\/v2\/product\/402972","targetHints":{"allow":["GET"]}}],"collection":[{"href":"https:\/\/irankiuzona.lt\/ru\/wp-json\/wp\/v2\/product"}],"about":[{"href":"https:\/\/irankiuzona.lt\/ru\/wp-json\/wp\/v2\/types\/product"}],"replies":[{"embeddable":true,"href":"https:\/\/irankiuzona.lt\/ru\/wp-json\/wp\/v2\/comments?post=402972"}],"version-history":[{"count":1,"href":"https:\/\/irankiuzona.lt\/ru\/wp-json\/wp\/v2\/product\/402972\/revisions"}],"predecessor-version":[{"id":418349,"href":"https:\/\/irankiuzona.lt\/ru\/wp-json\/wp\/v2\/product\/402972\/revisions\/418349"}],"wp:featuredmedia":[{"embeddable":true,"href":"https:\/\/irankiuzona.lt\/ru\/wp-json\/wp\/v2\/media\/248992"}],"wp:attachment":[{"href":"https:\/\/irankiuzona.lt\/ru\/wp-json\/wp\/v2\/media?parent=402972"}],"wp:term":[{"taxonomy":"product_cat","embeddable":true,"href":"https:\/\/irankiuzona.lt\/ru\/wp-json\/wp\/v2\/product_cat?post=402972"},{"taxonomy":"product_tag","embeddable":true,"href":"https:\/\/irankiuzona.lt\/ru\/wp-json\/wp\/v2\/product_tag?post=402972"}],"curies":[{"name":"wp","href":"https:\/\/api.w.org\/{rel}","templated":true}]}}