{"id":402974,"date":"2025-05-15T15:18:48","date_gmt":"2025-05-15T15:18:48","guid":{"rendered":"https:\/\/irankiuzona.lt\/product\/dirzu-itempimo-dinamometras-4\/"},"modified":"2026-04-16T13:16:12","modified_gmt":"2026-04-16T13:16:12","slug":"dirzu-itempimo-dinamometras-4","status":"publish","type":"product","link":"https:\/\/irankiuzona.lt\/ru\/product\/dirzu-itempimo-dinamometras-4\/","title":{"rendered":"Dir\u017e\u0173 \u012ftempimo dinamometras"},"content":{"rendered":"<p>Techniniai duomenysSukama ranken\u0117l\u0117 naudojama norimai apkrovai nustatyti,instrumento skal\u0117 atitinka vienetus, o ranken\u0117l\u0117s skal\u0117 &#8211; de\u0161imtadaliai.Matavimo antgalis.Dir\u017eo \u012flinkio skal\u0117 &#8211; tikr\u0105j\u0105 deformacij\u0105 rodo st\u016bmoklis.Svoris:0,4kg<\/p>","protected":false},"excerpt":{"rendered":"<p>Dir\u017e\u0173 \u012ftempimo dinamometras<\/p>","protected":false},"featured_media":248995,"comment_status":"open","ping_status":"open","template":"","meta":[],"product_cat":[9554],"product_tag":[9810],"class_list":{"0":"post-402974","1":"product","2":"type-product","3":"status-publish","4":"has-post-thumbnail","6":"product_brand-geko-lenkija","7":"product_cat-irankiai-dirzeliui-dirzo-itempimui","8":"product_tag-geko-lenkija","10":"first","11":"outofstock","12":"purchasable","13":"product-type-simple"},"jetpack_sharing_enabled":true,"_links":{"self":[{"href":"https:\/\/irankiuzona.lt\/ru\/wp-json\/wp\/v2\/product\/402974","targetHints":{"allow":["GET"]}}],"collection":[{"href":"https:\/\/irankiuzona.lt\/ru\/wp-json\/wp\/v2\/product"}],"about":[{"href":"https:\/\/irankiuzona.lt\/ru\/wp-json\/wp\/v2\/types\/product"}],"replies":[{"embeddable":true,"href":"https:\/\/irankiuzona.lt\/ru\/wp-json\/wp\/v2\/comments?post=402974"}],"version-history":[{"count":1,"href":"https:\/\/irankiuzona.lt\/ru\/wp-json\/wp\/v2\/product\/402974\/revisions"}],"predecessor-version":[{"id":418350,"href":"https:\/\/irankiuzona.lt\/ru\/wp-json\/wp\/v2\/product\/402974\/revisions\/418350"}],"wp:featuredmedia":[{"embeddable":true,"href":"https:\/\/irankiuzona.lt\/ru\/wp-json\/wp\/v2\/media\/248995"}],"wp:attachment":[{"href":"https:\/\/irankiuzona.lt\/ru\/wp-json\/wp\/v2\/media?parent=402974"}],"wp:term":[{"taxonomy":"product_cat","embeddable":true,"href":"https:\/\/irankiuzona.lt\/ru\/wp-json\/wp\/v2\/product_cat?post=402974"},{"taxonomy":"product_tag","embeddable":true,"href":"https:\/\/irankiuzona.lt\/ru\/wp-json\/wp\/v2\/product_tag?post=402974"}],"curies":[{"name":"wp","href":"https:\/\/api.w.org\/{rel}","templated":true}]}}