{"id":402980,"date":"2025-05-15T15:18:56","date_gmt":"2025-05-15T15:18:56","guid":{"rendered":"https:\/\/irankiuzona.lt\/product\/valytuvu-akumuliatoriaus-gnybtu-nuemejas-6\/"},"modified":"2026-05-10T01:03:02","modified_gmt":"2026-05-10T01:03:02","slug":"valytuvu-akumuliatoriaus-gnybtu-nuemejas-6","status":"publish","type":"product","link":"https:\/\/irankiuzona.lt\/ru\/product\/valytuvu-akumuliatoriaus-gnybtu-nuemejas-6\/","title":{"rendered":"Valytuv\u0173, akumuliatoriaus gnybt\u0173 nuem\u0117jas"},"content":{"rendered":"<p>Techniniai duomenysMed\u017eiaga: plienasDarbinis diapazonas: 6 &#8211; 28 mmRankos tarp\u0173 plotis: 4 &#8211; 40mmSvoris:0,322kg<\/p>","protected":false},"excerpt":{"rendered":"<p>Valytuv\u0173, akumuliatoriaus gnybt\u0173 nuem\u0117jas<\/p>","protected":false},"featured_media":249004,"comment_status":"open","ping_status":"open","template":"","meta":[],"product_cat":[9530],"product_tag":[9810],"class_list":{"0":"post-402980","1":"product","2":"type-product","3":"status-publish","4":"has-post-thumbnail","6":"product_brand-geko-lenkija","7":"product_cat-valytuvu-nuemimui","8":"product_tag-geko-lenkija","10":"first","11":"outofstock","12":"purchasable","13":"product-type-simple"},"jetpack_sharing_enabled":true,"_links":{"self":[{"href":"https:\/\/irankiuzona.lt\/ru\/wp-json\/wp\/v2\/product\/402980","targetHints":{"allow":["GET"]}}],"collection":[{"href":"https:\/\/irankiuzona.lt\/ru\/wp-json\/wp\/v2\/product"}],"about":[{"href":"https:\/\/irankiuzona.lt\/ru\/wp-json\/wp\/v2\/types\/product"}],"replies":[{"embeddable":true,"href":"https:\/\/irankiuzona.lt\/ru\/wp-json\/wp\/v2\/comments?post=402980"}],"version-history":[{"count":1,"href":"https:\/\/irankiuzona.lt\/ru\/wp-json\/wp\/v2\/product\/402980\/revisions"}],"predecessor-version":[{"id":418353,"href":"https:\/\/irankiuzona.lt\/ru\/wp-json\/wp\/v2\/product\/402980\/revisions\/418353"}],"wp:featuredmedia":[{"embeddable":true,"href":"https:\/\/irankiuzona.lt\/ru\/wp-json\/wp\/v2\/media\/249004"}],"wp:attachment":[{"href":"https:\/\/irankiuzona.lt\/ru\/wp-json\/wp\/v2\/media?parent=402980"}],"wp:term":[{"taxonomy":"product_cat","embeddable":true,"href":"https:\/\/irankiuzona.lt\/ru\/wp-json\/wp\/v2\/product_cat?post=402980"},{"taxonomy":"product_tag","embeddable":true,"href":"https:\/\/irankiuzona.lt\/ru\/wp-json\/wp\/v2\/product_tag?post=402980"}],"curies":[{"name":"wp","href":"https:\/\/api.w.org\/{rel}","templated":true}]}}