{"id":402988,"date":"2025-05-15T15:19:08","date_gmt":"2025-05-15T15:19:08","guid":{"rendered":"https:\/\/irankiuzona.lt\/product\/variklio-blokavimo-komplektas-fiat-lancia-1-2-16v-2\/"},"modified":"2026-04-14T18:26:51","modified_gmt":"2026-04-14T18:26:51","slug":"variklio-blokavimo-komplektas-fiat-lancia-1-2-16v-2","status":"publish","type":"product","link":"https:\/\/irankiuzona.lt\/ru\/product\/variklio-blokavimo-komplektas-fiat-lancia-1-2-16v-2\/","title":{"rendered":"Variklio blokavimo komplektas Fiat Lancia 1.2 16V"},"content":{"rendered":"<p>Rinkin\u012f sudaro:<\/p>\n<p>3 specialios konstrukcijos ir formos aklaviet\u0117s, juodos spalvos yra pagamintos i\u0161 chromuoto arba m\u0117lyno anglies plieno.<br \/>\n Rinkinys leid\u017eia imobilizuoti pavaras maitinimo pad\u0117tyje, kei\u010diant paskirstymo dir\u017e\u0105.<br \/>\n D\u0117l specialios formos u\u017esikim\u0161im\u0173 galima tiksliai nustatyti u\u017edegimo valdymo ta\u0161kus.<br \/>\n Rekomenduojama profesionalams.<\/p>\n<p>Varikliams: 1,2; 1,4; 1,9 TDI oraz 2,0 SDI i TDI VW, \u201eSeat\u201c, \u201eSkoda\u201c, \u201eAudi\u201c ir \u201eFord Galaxy\u201c automobiliuose<br \/>\nOrginal\u016bs kodai\u00a01860992000 \/\u00a0EN46781 \/ 1860985000 \/ 1871000900 \/ 3031472 \/ 0991768610 \/ 0104A \/\u00a01860987000 \/ 3031560<\/p>","protected":false},"excerpt":{"rendered":"<p>Variklio blokavimo komplektas Fiat Lancia 1.2 16V<\/p>","protected":false},"featured_media":249016,"comment_status":"open","ping_status":"open","template":"","meta":[],"product_cat":[9708],"product_tag":[9810],"class_list":{"0":"post-402988","1":"product","2":"type-product","3":"status-publish","4":"has-post-thumbnail","6":"product_brand-geko-lenkija","7":"product_cat-alfa-romeo-fiat-lancia-blokatoriai","8":"product_tag-geko-lenkija","10":"first","11":"instock","12":"purchasable","13":"product-type-simple"},"jetpack_sharing_enabled":true,"_links":{"self":[{"href":"https:\/\/irankiuzona.lt\/ru\/wp-json\/wp\/v2\/product\/402988","targetHints":{"allow":["GET"]}}],"collection":[{"href":"https:\/\/irankiuzona.lt\/ru\/wp-json\/wp\/v2\/product"}],"about":[{"href":"https:\/\/irankiuzona.lt\/ru\/wp-json\/wp\/v2\/types\/product"}],"replies":[{"embeddable":true,"href":"https:\/\/irankiuzona.lt\/ru\/wp-json\/wp\/v2\/comments?post=402988"}],"version-history":[{"count":1,"href":"https:\/\/irankiuzona.lt\/ru\/wp-json\/wp\/v2\/product\/402988\/revisions"}],"predecessor-version":[{"id":418357,"href":"https:\/\/irankiuzona.lt\/ru\/wp-json\/wp\/v2\/product\/402988\/revisions\/418357"}],"wp:featuredmedia":[{"embeddable":true,"href":"https:\/\/irankiuzona.lt\/ru\/wp-json\/wp\/v2\/media\/249016"}],"wp:attachment":[{"href":"https:\/\/irankiuzona.lt\/ru\/wp-json\/wp\/v2\/media?parent=402988"}],"wp:term":[{"taxonomy":"product_cat","embeddable":true,"href":"https:\/\/irankiuzona.lt\/ru\/wp-json\/wp\/v2\/product_cat?post=402988"},{"taxonomy":"product_tag","embeddable":true,"href":"https:\/\/irankiuzona.lt\/ru\/wp-json\/wp\/v2\/product_tag?post=402988"}],"curies":[{"name":"wp","href":"https:\/\/api.w.org\/{rel}","templated":true}]}}