{"id":402990,"date":"2025-05-15T15:19:13","date_gmt":"2025-05-15T15:19:13","guid":{"rendered":"https:\/\/irankiuzona.lt\/product\/veleneliu-fiksavimo-irankis-vag-benzinui-1-4-1-6-16v-2\/"},"modified":"2026-04-14T18:26:51","modified_gmt":"2026-04-14T18:26:51","slug":"veleneliu-fiksavimo-irankis-vag-benzinui-1-4-1-6-16v-2","status":"publish","type":"product","link":"https:\/\/irankiuzona.lt\/ru\/product\/veleneliu-fiksavimo-irankis-vag-benzinui-1-4-1-6-16v-2\/","title":{"rendered":"Velen\u0117li\u0173 fiksavimo \u012frankis VAG benzinui 1.4 1.6 16V"},"content":{"rendered":"<p>Camshaft Alignment Tool seat audi skoda<\/p>","protected":false},"excerpt":{"rendered":"<p>Variklio velen\u0117lio fiksatorius Volkswagen Seat Skoda Audi 1.4 1.6 16V<\/p>","protected":false},"featured_media":249019,"comment_status":"open","ping_status":"open","template":"","meta":[],"product_cat":[9543],"product_tag":[9810],"class_list":{"0":"post-402990","1":"product","2":"type-product","3":"status-publish","4":"has-post-thumbnail","6":"product_brand-geko-lenkija","7":"product_cat-vag-vw-skoda-blokatoriai","8":"product_tag-geko-lenkija","10":"first","11":"outofstock","12":"purchasable","13":"product-type-simple"},"jetpack_sharing_enabled":true,"_links":{"self":[{"href":"https:\/\/irankiuzona.lt\/ru\/wp-json\/wp\/v2\/product\/402990","targetHints":{"allow":["GET"]}}],"collection":[{"href":"https:\/\/irankiuzona.lt\/ru\/wp-json\/wp\/v2\/product"}],"about":[{"href":"https:\/\/irankiuzona.lt\/ru\/wp-json\/wp\/v2\/types\/product"}],"replies":[{"embeddable":true,"href":"https:\/\/irankiuzona.lt\/ru\/wp-json\/wp\/v2\/comments?post=402990"}],"version-history":[{"count":1,"href":"https:\/\/irankiuzona.lt\/ru\/wp-json\/wp\/v2\/product\/402990\/revisions"}],"predecessor-version":[{"id":418358,"href":"https:\/\/irankiuzona.lt\/ru\/wp-json\/wp\/v2\/product\/402990\/revisions\/418358"}],"wp:featuredmedia":[{"embeddable":true,"href":"https:\/\/irankiuzona.lt\/ru\/wp-json\/wp\/v2\/media\/249019"}],"wp:attachment":[{"href":"https:\/\/irankiuzona.lt\/ru\/wp-json\/wp\/v2\/media?parent=402990"}],"wp:term":[{"taxonomy":"product_cat","embeddable":true,"href":"https:\/\/irankiuzona.lt\/ru\/wp-json\/wp\/v2\/product_cat?post=402990"},{"taxonomy":"product_tag","embeddable":true,"href":"https:\/\/irankiuzona.lt\/ru\/wp-json\/wp\/v2\/product_tag?post=402990"}],"curies":[{"name":"wp","href":"https:\/\/api.w.org\/{rel}","templated":true}]}}