{"id":402996,"date":"2025-05-15T15:19:27","date_gmt":"2025-05-15T15:19:27","guid":{"rendered":"https:\/\/irankiuzona.lt\/product\/irankis-ipurskimo-pompos-vw-audi-1-4-1-9-2-5-tdi-2\/"},"modified":"2026-05-10T04:23:22","modified_gmt":"2026-05-10T04:23:22","slug":"irankis-ipurskimo-pompos-vw-audi-1-4-1-9-2-5-tdi-2","status":"publish","type":"product","link":"https:\/\/irankiuzona.lt\/ru\/product\/irankis-ipurskimo-pompos-vw-audi-1-4-1-9-2-5-tdi-2\/","title":{"rendered":"\u012erankis \u012fpur\u0161kimo pompos VW Audi 1.4 1.9 2.5 TDI"},"content":{"rendered":"<p>\u012epur\u0161kimo siurblio u\u017eraktas, OEM 2064. Palaiko \u012fpur\u0161kimo siurbli, kai kei\u010diamas paskirstymo dir\u017eas ir \u012fpur\u0161kimo siurblys. Variklio kodai: 1V, 1Z, AAB, ACV, AHU, ALH, AWP, AWV, CS, CY, DE, MD, ME ir MF.<\/p>","protected":false},"excerpt":{"rendered":"<p>\u012erankis \u012fpur\u0161kimo pompos VW Audi 1.4 1.9 2.5 TDI<\/p>","protected":false},"featured_media":249028,"comment_status":"open","ping_status":"open","template":"","meta":[],"product_cat":[9543],"product_tag":[9810],"class_list":{"0":"post-402996","1":"product","2":"type-product","3":"status-publish","4":"has-post-thumbnail","6":"product_brand-geko-lenkija","7":"product_cat-vag-vw-skoda-blokatoriai","8":"product_tag-geko-lenkija","10":"first","11":"outofstock","12":"purchasable","13":"product-type-simple"},"jetpack_sharing_enabled":true,"_links":{"self":[{"href":"https:\/\/irankiuzona.lt\/ru\/wp-json\/wp\/v2\/product\/402996","targetHints":{"allow":["GET"]}}],"collection":[{"href":"https:\/\/irankiuzona.lt\/ru\/wp-json\/wp\/v2\/product"}],"about":[{"href":"https:\/\/irankiuzona.lt\/ru\/wp-json\/wp\/v2\/types\/product"}],"replies":[{"embeddable":true,"href":"https:\/\/irankiuzona.lt\/ru\/wp-json\/wp\/v2\/comments?post=402996"}],"version-history":[{"count":1,"href":"https:\/\/irankiuzona.lt\/ru\/wp-json\/wp\/v2\/product\/402996\/revisions"}],"predecessor-version":[{"id":418361,"href":"https:\/\/irankiuzona.lt\/ru\/wp-json\/wp\/v2\/product\/402996\/revisions\/418361"}],"wp:featuredmedia":[{"embeddable":true,"href":"https:\/\/irankiuzona.lt\/ru\/wp-json\/wp\/v2\/media\/249028"}],"wp:attachment":[{"href":"https:\/\/irankiuzona.lt\/ru\/wp-json\/wp\/v2\/media?parent=402996"}],"wp:term":[{"taxonomy":"product_cat","embeddable":true,"href":"https:\/\/irankiuzona.lt\/ru\/wp-json\/wp\/v2\/product_cat?post=402996"},{"taxonomy":"product_tag","embeddable":true,"href":"https:\/\/irankiuzona.lt\/ru\/wp-json\/wp\/v2\/product_tag?post=402996"}],"curies":[{"name":"wp","href":"https:\/\/api.w.org\/{rel}","templated":true}]}}