{"id":403000,"date":"2025-05-15T15:19:49","date_gmt":"2025-05-15T15:19:49","guid":{"rendered":"https:\/\/irankiuzona.lt\/product\/pirstine-su-lemputemis-mechanikams-2\/"},"modified":"2026-05-10T06:13:40","modified_gmt":"2026-05-10T06:13:40","slug":"pirstine-su-lemputemis-mechanikams-2","status":"publish","type":"product","link":"https:\/\/irankiuzona.lt\/ru\/product\/pirstine-su-lemputemis-mechanikams-2\/","title":{"rendered":"Pir\u0161tin\u0117 su lemput\u0117mis, mechanikams"},"content":{"rendered":"<p>Produkto charakteristikosmaitinimas: 2 x CR2032 3V baterija\u0161viesos \u0161altinis: 2 x LEDUniversalus dydisreguliuojamas \u201eVelcro\u201c dangtelisSvoris: 0,03kg<\/p>","protected":false},"excerpt":{"rendered":"<p>Pir\u0161tin\u0117 su lemput\u0117mis, mechanikams<\/p>","protected":false},"featured_media":249034,"comment_status":"open","ping_status":"open","template":"","meta":[],"product_cat":[9977],"product_tag":[9810],"class_list":{"0":"post-403000","1":"product","2":"type-product","3":"status-publish","4":"has-post-thumbnail","6":"product_brand-geko-lenkija","7":"product_cat-darbo-pirstines","8":"product_tag-geko-lenkija","10":"first","11":"outofstock","12":"purchasable","13":"product-type-simple"},"jetpack_sharing_enabled":true,"_links":{"self":[{"href":"https:\/\/irankiuzona.lt\/ru\/wp-json\/wp\/v2\/product\/403000","targetHints":{"allow":["GET"]}}],"collection":[{"href":"https:\/\/irankiuzona.lt\/ru\/wp-json\/wp\/v2\/product"}],"about":[{"href":"https:\/\/irankiuzona.lt\/ru\/wp-json\/wp\/v2\/types\/product"}],"replies":[{"embeddable":true,"href":"https:\/\/irankiuzona.lt\/ru\/wp-json\/wp\/v2\/comments?post=403000"}],"version-history":[{"count":1,"href":"https:\/\/irankiuzona.lt\/ru\/wp-json\/wp\/v2\/product\/403000\/revisions"}],"predecessor-version":[{"id":418363,"href":"https:\/\/irankiuzona.lt\/ru\/wp-json\/wp\/v2\/product\/403000\/revisions\/418363"}],"wp:featuredmedia":[{"embeddable":true,"href":"https:\/\/irankiuzona.lt\/ru\/wp-json\/wp\/v2\/media\/249034"}],"wp:attachment":[{"href":"https:\/\/irankiuzona.lt\/ru\/wp-json\/wp\/v2\/media?parent=403000"}],"wp:term":[{"taxonomy":"product_cat","embeddable":true,"href":"https:\/\/irankiuzona.lt\/ru\/wp-json\/wp\/v2\/product_cat?post=403000"},{"taxonomy":"product_tag","embeddable":true,"href":"https:\/\/irankiuzona.lt\/ru\/wp-json\/wp\/v2\/product_tag?post=403000"}],"curies":[{"name":"wp","href":"https:\/\/api.w.org\/{rel}","templated":true}]}}