{"id":403002,"date":"2025-05-15T15:19:53","date_gmt":"2025-05-15T15:19:53","guid":{"rendered":"https:\/\/irankiuzona.lt\/product\/testeris-skaitmeninis-akumuliat-su-spausdinimu-2\/"},"modified":"2026-03-17T20:31:02","modified_gmt":"2026-03-17T20:31:02","slug":"testeris-skaitmeninis-akumuliat-su-spausdinimu-2","status":"publish","type":"product","link":"https:\/\/irankiuzona.lt\/ru\/product\/testeris-skaitmeninis-akumuliat-su-spausdinimu-2\/","title":{"rendered":"Testeris skaitmeninis akumuliat. su spausdinimu"},"content":{"rendered":"<p>Prek\u0117s savyb\u0117s:<\/p>\n<p>I\u0161bandykite akumuliatori\u0173 ir \u012fkrovimo \/ paleidimo sistemas;<br \/>\nNaujausi bandym\u0173 rezultatai automati\u0161kai i\u0161saugomi ir per\u017ei\u016brimi;<br \/>\nSpausdinkite naudodami \u012fmontuot\u0105 spausdintuv\u0105;<br \/>\nTrumpojo jungimo ir atvirk\u0161tinio sujungimo apsauga.<\/p>\n<p>Parodyti bandymo rezultat\u0105:<\/p>\n<p>gera baterija,<br \/>\ngera baterija ir \u012fkrovimas,<br \/>\n\u012fkrovimas ir pakartotinis patikrinimas,<br \/>\npakeitimas,<br \/>\nblogas elementas ir pakeitimas.<\/p>\n<p>Techniniai duomenys:<\/p>\n<p>Galima \u012fsigyti: 12 V akumuliatorius ir \u012fkrovimo \/ paleidimo sistemos<br \/>\n\u012evesties sritis: nuo 8,0 iki 30,0 V<br \/>\nEkranas: 128 x 64 mm lengvai skaitomas skyst\u0173j\u0173 kristal\u0173 ekranas, ap\u0161viestas<br \/>\nDarbin\u0117 temperat\u016bra: nuo -20 iki 90 \u00b0 C<br \/>\nSvoris: 700 g<\/p>","protected":false},"excerpt":{"rendered":"<p>Testeris skaitmeninis akumuliat. su spausdinimu<\/p>","protected":false},"featured_media":249037,"comment_status":"open","ping_status":"open","template":"","meta":[],"product_cat":[9881],"product_tag":[9810],"class_list":{"0":"post-403002","1":"product","2":"type-product","3":"status-publish","4":"has-post-thumbnail","6":"product_brand-geko-lenkija","7":"product_cat-ikrovikliai-akumuliatoriams-akumuliatoriu-testeriai","8":"product_tag-geko-lenkija","10":"first","11":"outofstock","12":"purchasable","13":"product-type-simple"},"jetpack_sharing_enabled":true,"_links":{"self":[{"href":"https:\/\/irankiuzona.lt\/ru\/wp-json\/wp\/v2\/product\/403002","targetHints":{"allow":["GET"]}}],"collection":[{"href":"https:\/\/irankiuzona.lt\/ru\/wp-json\/wp\/v2\/product"}],"about":[{"href":"https:\/\/irankiuzona.lt\/ru\/wp-json\/wp\/v2\/types\/product"}],"replies":[{"embeddable":true,"href":"https:\/\/irankiuzona.lt\/ru\/wp-json\/wp\/v2\/comments?post=403002"}],"version-history":[{"count":1,"href":"https:\/\/irankiuzona.lt\/ru\/wp-json\/wp\/v2\/product\/403002\/revisions"}],"predecessor-version":[{"id":418364,"href":"https:\/\/irankiuzona.lt\/ru\/wp-json\/wp\/v2\/product\/403002\/revisions\/418364"}],"wp:featuredmedia":[{"embeddable":true,"href":"https:\/\/irankiuzona.lt\/ru\/wp-json\/wp\/v2\/media\/249037"}],"wp:attachment":[{"href":"https:\/\/irankiuzona.lt\/ru\/wp-json\/wp\/v2\/media?parent=403002"}],"wp:term":[{"taxonomy":"product_cat","embeddable":true,"href":"https:\/\/irankiuzona.lt\/ru\/wp-json\/wp\/v2\/product_cat?post=403002"},{"taxonomy":"product_tag","embeddable":true,"href":"https:\/\/irankiuzona.lt\/ru\/wp-json\/wp\/v2\/product_tag?post=403002"}],"curies":[{"name":"wp","href":"https:\/\/api.w.org\/{rel}","templated":true}]}}