{"id":403004,"date":"2025-05-15T15:19:56","date_gmt":"2025-05-15T15:19:56","guid":{"rendered":"https:\/\/irankiuzona.lt\/product\/rankine-pompa-automobiliniams-skysciams-2\/"},"modified":"2026-05-10T07:14:46","modified_gmt":"2026-05-10T07:14:46","slug":"rankine-pompa-automobiliniams-skysciams-2","status":"publish","type":"product","link":"https:\/\/irankiuzona.lt\/ru\/product\/rankine-pompa-automobiliniams-skysciams-2\/","title":{"rendered":"Rankin\u0117 pompa automobiliniams skys\u010diams"},"content":{"rendered":"<p>Techniniai duomenysNaudojimas: adblue, vidutinio ir ma\u017eo klampumo terp\u0117: \u017eibalas, dyzelinas,benzinas, ketonai, alifatiniai angliavandeniliai, lengvi chemikalaiSrauto greitis: 0,5 litro per sm\u016bg\u012f &#8211; 30 litr\u0173 per minut\u0119 (apytiksliai)Montavimas: 2 &quot;ir 1,1 \/ 2&quot; BSPM sriegisVamzdis: 3 dali\u0173 teleskopinis, prat\u0119siamas iki 36 \u201d(914 mm)Svoris: 1kg<\/p>","protected":false},"excerpt":{"rendered":"<p>Rankin\u0117 pompa automobiliniams skys\u010diams<\/p>","protected":false},"featured_media":249040,"comment_status":"open","ping_status":"open","template":"","meta":[],"product_cat":[9571],"product_tag":[9810],"class_list":{"0":"post-403004","1":"product","2":"type-product","3":"status-publish","4":"has-post-thumbnail","6":"product_brand-geko-lenkija","7":"product_cat-pompos-alyvai-degalams-sifonai","8":"product_tag-geko-lenkija","10":"first","11":"instock","12":"purchasable","13":"product-type-simple"},"jetpack_sharing_enabled":true,"_links":{"self":[{"href":"https:\/\/irankiuzona.lt\/ru\/wp-json\/wp\/v2\/product\/403004","targetHints":{"allow":["GET"]}}],"collection":[{"href":"https:\/\/irankiuzona.lt\/ru\/wp-json\/wp\/v2\/product"}],"about":[{"href":"https:\/\/irankiuzona.lt\/ru\/wp-json\/wp\/v2\/types\/product"}],"replies":[{"embeddable":true,"href":"https:\/\/irankiuzona.lt\/ru\/wp-json\/wp\/v2\/comments?post=403004"}],"version-history":[{"count":1,"href":"https:\/\/irankiuzona.lt\/ru\/wp-json\/wp\/v2\/product\/403004\/revisions"}],"predecessor-version":[{"id":418365,"href":"https:\/\/irankiuzona.lt\/ru\/wp-json\/wp\/v2\/product\/403004\/revisions\/418365"}],"wp:featuredmedia":[{"embeddable":true,"href":"https:\/\/irankiuzona.lt\/ru\/wp-json\/wp\/v2\/media\/249040"}],"wp:attachment":[{"href":"https:\/\/irankiuzona.lt\/ru\/wp-json\/wp\/v2\/media?parent=403004"}],"wp:term":[{"taxonomy":"product_cat","embeddable":true,"href":"https:\/\/irankiuzona.lt\/ru\/wp-json\/wp\/v2\/product_cat?post=403004"},{"taxonomy":"product_tag","embeddable":true,"href":"https:\/\/irankiuzona.lt\/ru\/wp-json\/wp\/v2\/product_tag?post=403004"}],"curies":[{"name":"wp","href":"https:\/\/api.w.org\/{rel}","templated":true}]}}