{"id":403014,"date":"2025-05-15T15:20:29","date_gmt":"2025-05-15T15:20:29","guid":{"rendered":"https:\/\/irankiuzona.lt\/product\/redukcinis-raktas-1-2-300nm-2\/"},"modified":"2026-04-16T04:16:36","modified_gmt":"2026-04-16T04:16:36","slug":"redukcinis-raktas-1-2-300nm-2","status":"publish","type":"product","link":"https:\/\/irankiuzona.lt\/ru\/product\/redukcinis-raktas-1-2-300nm-2\/","title":{"rendered":"Redukcinis raktas 1\/2&#8242; 300Nm"},"content":{"rendered":"<p>TECHNINIAI DUOMENYS :<br \/>\n&#8211; Did\u017eiausias sukimo momentas yra 300 Nm- 17 mm, 19 mm, 21 mm lizdai- Pridedamas \u0161vaistiklis- Viskas plastikiniame d\u0117kle- Svoris:2,4kg<\/p>","protected":false},"excerpt":{"rendered":"<p>Redukcinis raktas 1\/2&#8217;300Nm<\/p>","protected":false},"featured_media":249055,"comment_status":"open","ping_status":"open","template":"","meta":[],"product_cat":[9967],"product_tag":[9810],"class_list":{"0":"post-403014","1":"product","2":"type-product","3":"status-publish","4":"has-post-thumbnail","6":"product_brand-geko-lenkija","7":"product_cat-padidintos-jegos-raktai-reduktoriai-ratams","8":"product_tag-geko-lenkija","10":"first","11":"instock","12":"purchasable","13":"product-type-simple"},"jetpack_sharing_enabled":true,"_links":{"self":[{"href":"https:\/\/irankiuzona.lt\/ru\/wp-json\/wp\/v2\/product\/403014","targetHints":{"allow":["GET"]}}],"collection":[{"href":"https:\/\/irankiuzona.lt\/ru\/wp-json\/wp\/v2\/product"}],"about":[{"href":"https:\/\/irankiuzona.lt\/ru\/wp-json\/wp\/v2\/types\/product"}],"replies":[{"embeddable":true,"href":"https:\/\/irankiuzona.lt\/ru\/wp-json\/wp\/v2\/comments?post=403014"}],"version-history":[{"count":1,"href":"https:\/\/irankiuzona.lt\/ru\/wp-json\/wp\/v2\/product\/403014\/revisions"}],"predecessor-version":[{"id":418369,"href":"https:\/\/irankiuzona.lt\/ru\/wp-json\/wp\/v2\/product\/403014\/revisions\/418369"}],"wp:featuredmedia":[{"embeddable":true,"href":"https:\/\/irankiuzona.lt\/ru\/wp-json\/wp\/v2\/media\/249055"}],"wp:attachment":[{"href":"https:\/\/irankiuzona.lt\/ru\/wp-json\/wp\/v2\/media?parent=403014"}],"wp:term":[{"taxonomy":"product_cat","embeddable":true,"href":"https:\/\/irankiuzona.lt\/ru\/wp-json\/wp\/v2\/product_cat?post=403014"},{"taxonomy":"product_tag","embeddable":true,"href":"https:\/\/irankiuzona.lt\/ru\/wp-json\/wp\/v2\/product_tag?post=403014"}],"curies":[{"name":"wp","href":"https:\/\/api.w.org\/{rel}","templated":true}]}}