{"id":403016,"date":"2025-05-15T15:20:41","date_gmt":"2025-05-15T15:20:41","guid":{"rendered":"https:\/\/irankiuzona.lt\/product\/irankiu-komplektas-1-41-2-108-daliu-2\/"},"modified":"2026-04-16T04:16:37","modified_gmt":"2026-04-16T04:16:37","slug":"irankiu-komplektas-1-41-2-108-daliu-2","status":"publish","type":"product","link":"https:\/\/irankiuzona.lt\/ru\/product\/irankiu-komplektas-1-41-2-108-daliu-2\/","title":{"rendered":"\u012eranki\u0173 komplektas 1\/4+1\/2 \/ 108 dali\u0173"},"content":{"rendered":"<p>Komplekto turinys:17x 1\/2 &quot;ki\u0161tukiniai lizdai: 10, 11, 12, 13, 14, 15, 16, 17, 18, 19, 20, 21, 22, 24, 27, 30, 32 mm13x 1\/4 &quot;lizd\u0173 lizdai: 4, 4,5, 5, 5,5, 6, 7, 8, 9, 10, 11, 12, 13, 14 mm4x ilgi lizdai su 1\/2 &quot;lizdu: 14, 15, 17, 19 mm8x ilgi lizdai su 1\/4 &quot;lizdu: 6, 7, 8, 9, 10, 11, 12, 13 mm2x 1\/2 &quot;\u017evaki\u0173 lizdai: 16, 21 mm1x 1\/4 &quot;atsuktuvas lizdams ir antgaliams1x adapteris 1\/2 &quot;antgaliams2x 1\/2 &quot;ir 1\/4&quot; reketai2x 1\/2 &quot;prailgintuvai 125 ir 250 mm2x 1\/4 &quot;prailginimai 50 ir 100 mm1x ranken\u0117l\u0117 1\/4 &quot;13x \u201eE-Torx\u201c lizdai su 1\/4 &quot;lizdu: E4, E5, E6, E7, E8, E10, E11, E12, E14, E16, E18, E20, E242x 1\/2 &quot;ir 1\/4&quot; kardano jungtys3x L tipo alenas: 1,5, 2, 3 mm1\/4 &quot;lizdai su antgaliais:4x HEX (\u0161e\u0161iakampis lizdas): H3, H4, H5, H66x TORX: T8, T10, T15, T20, T25, T302x HP: PZ1, PZ22x PH: PH1, PH23x plok\u0161\u010dias: SL4, SL5.5, SL78 mm antgaliai:5x HEX (\u0161e\u0161iakampis lizdas): H7, H8, H10, H12, H144x TORX: T40, T45, T50, T552x HP: PZ3, PZ42x PH: PH3, PH43x plok\u0161\u010dias: SL8, SL10, SL12Svoris:6,75kg<\/p>","protected":false},"excerpt":{"rendered":"<p>\u012eranki\u0173 komplektas 1\/4+1\/2 \/ 108 dali\u0173<\/p>","protected":false},"featured_media":249058,"comment_status":"open","ping_status":"open","template":"","meta":[],"product_cat":[9491],"product_tag":[9810],"class_list":{"0":"post-403016","1":"product","2":"type-product","3":"status-publish","4":"has-post-thumbnail","6":"product_brand-geko-lenkija","7":"product_cat-kombinuoti-irankiu-komplektai-1-4-3-8-1-2","8":"product_tag-geko-lenkija","10":"first","11":"outofstock","12":"purchasable","13":"product-type-simple"},"jetpack_sharing_enabled":true,"_links":{"self":[{"href":"https:\/\/irankiuzona.lt\/ru\/wp-json\/wp\/v2\/product\/403016","targetHints":{"allow":["GET"]}}],"collection":[{"href":"https:\/\/irankiuzona.lt\/ru\/wp-json\/wp\/v2\/product"}],"about":[{"href":"https:\/\/irankiuzona.lt\/ru\/wp-json\/wp\/v2\/types\/product"}],"replies":[{"embeddable":true,"href":"https:\/\/irankiuzona.lt\/ru\/wp-json\/wp\/v2\/comments?post=403016"}],"version-history":[{"count":1,"href":"https:\/\/irankiuzona.lt\/ru\/wp-json\/wp\/v2\/product\/403016\/revisions"}],"predecessor-version":[{"id":418370,"href":"https:\/\/irankiuzona.lt\/ru\/wp-json\/wp\/v2\/product\/403016\/revisions\/418370"}],"wp:featuredmedia":[{"embeddable":true,"href":"https:\/\/irankiuzona.lt\/ru\/wp-json\/wp\/v2\/media\/249058"}],"wp:attachment":[{"href":"https:\/\/irankiuzona.lt\/ru\/wp-json\/wp\/v2\/media?parent=403016"}],"wp:term":[{"taxonomy":"product_cat","embeddable":true,"href":"https:\/\/irankiuzona.lt\/ru\/wp-json\/wp\/v2\/product_cat?post=403016"},{"taxonomy":"product_tag","embeddable":true,"href":"https:\/\/irankiuzona.lt\/ru\/wp-json\/wp\/v2\/product_tag?post=403016"}],"curies":[{"name":"wp","href":"https:\/\/api.w.org\/{rel}","templated":true}]}}