{"id":403018,"date":"2025-05-15T15:20:47","date_gmt":"2025-05-15T15:20:47","guid":{"rendered":"https:\/\/irankiuzona.lt\/product\/terksliniu-raktu-komplektas-vartomu-galu-8-22-mm-2\/"},"modified":"2026-04-16T00:07:28","modified_gmt":"2026-04-16T00:07:28","slug":"terksliniu-raktu-komplektas-vartomu-galu-8-22-mm-2","status":"publish","type":"product","link":"https:\/\/irankiuzona.lt\/ru\/product\/terksliniu-raktu-komplektas-vartomu-galu-8-22-mm-2\/","title":{"rendered":"Terk\u0161lini\u0173 rakt\u0173 komplektas, vartomu galu (8-22 mm)"},"content":{"rendered":"<p>Rinkinyje yra 8 ver\u017eliarak\u010diai, kuri\u0173 dydis 8, 9, 10, 13, 15, 17, 19, 22 mm.(72 dantys) pagamintas i\u0161 gr\u016bdinto plienopagamintas i\u0161 poliruoto chromuoto vanad\u017eio plieno (CrV)Svoris: 1,63kg<\/p>","protected":false},"excerpt":{"rendered":"<p>Terk\u0161lini\u0173 rakt\u0173 komplektas, vartomu galu (8-22 mm)<\/p>","protected":false},"featured_media":249061,"comment_status":"open","ping_status":"open","template":"","meta":[],"product_cat":[9610],"product_tag":[9810],"class_list":{"0":"post-403018","1":"product","2":"type-product","3":"status-publish","4":"has-post-thumbnail","6":"product_brand-geko-lenkija","7":"product_cat-terksliniu-raktu-komplektai","8":"product_tag-geko-lenkija","10":"first","11":"instock","12":"purchasable","13":"product-type-simple"},"jetpack_sharing_enabled":true,"_links":{"self":[{"href":"https:\/\/irankiuzona.lt\/ru\/wp-json\/wp\/v2\/product\/403018","targetHints":{"allow":["GET"]}}],"collection":[{"href":"https:\/\/irankiuzona.lt\/ru\/wp-json\/wp\/v2\/product"}],"about":[{"href":"https:\/\/irankiuzona.lt\/ru\/wp-json\/wp\/v2\/types\/product"}],"replies":[{"embeddable":true,"href":"https:\/\/irankiuzona.lt\/ru\/wp-json\/wp\/v2\/comments?post=403018"}],"version-history":[{"count":1,"href":"https:\/\/irankiuzona.lt\/ru\/wp-json\/wp\/v2\/product\/403018\/revisions"}],"predecessor-version":[{"id":418371,"href":"https:\/\/irankiuzona.lt\/ru\/wp-json\/wp\/v2\/product\/403018\/revisions\/418371"}],"wp:featuredmedia":[{"embeddable":true,"href":"https:\/\/irankiuzona.lt\/ru\/wp-json\/wp\/v2\/media\/249061"}],"wp:attachment":[{"href":"https:\/\/irankiuzona.lt\/ru\/wp-json\/wp\/v2\/media?parent=403018"}],"wp:term":[{"taxonomy":"product_cat","embeddable":true,"href":"https:\/\/irankiuzona.lt\/ru\/wp-json\/wp\/v2\/product_cat?post=403018"},{"taxonomy":"product_tag","embeddable":true,"href":"https:\/\/irankiuzona.lt\/ru\/wp-json\/wp\/v2\/product_tag?post=403018"}],"curies":[{"name":"wp","href":"https:\/\/api.w.org\/{rel}","templated":true}]}}