{"id":403022,"date":"2025-05-15T15:21:03","date_gmt":"2025-05-15T15:21:03","guid":{"rendered":"https:\/\/irankiuzona.lt\/product\/leksteliu-komplektas-tepalo-filtrams-30-daliu-2\/"},"modified":"2026-03-18T10:45:59","modified_gmt":"2026-03-18T10:45:59","slug":"leksteliu-komplektas-tepalo-filtrams-30-daliu-2","status":"publish","type":"product","link":"https:\/\/irankiuzona.lt\/ru\/product\/leksteliu-komplektas-tepalo-filtrams-30-daliu-2\/","title":{"rendered":"L\u0117k\u0161teli\u0173 komplektas tepalo filtrams 30 dali\u0173"},"content":{"rendered":"<p>Produkto charakteristikos\u00a0\u00a0\u00a0 palengvina filtr\u0173 atsukim\u0105 ir priver\u017eim\u0105 sunkiai pasiekiamose vietose\u00a0\u00a0\u00a0 pritaikytas valdyti 3\/8 &quot;arba 1\/2&quot; raket\u0119\u00a0\u00a0\u00a0 visi supakuoti \u012f plastikin\u012f d\u0117kl\u0105\u00a0\u00a0\u00a0 Komplekto turinys\u00a0\u00a0\u00a0 ver\u017eliaraktis O 65 mm 14 ta\u0161k\u0173: \u201eDaihatsu\u201c, \u201eToyota\u201c, \u201eNissan\u201c, \u201eFiat\u201c\u00a0\u00a0\u00a0 ver\u017eliarak\u010dio raktas O 66 mm \u0161e\u0161iakampis: \u201eFiat Punto 1.2\u201c, \u201eRenault\u201c\u00a0\u00a0\u00a0 ver\u017eliaraktis O 68 mm 14 ta\u0161k\u0173: \u201eMazda\u201c, \u201eFord Escort\u201c, \u201eSubaru\u201c\u00a0\u00a0\u00a0 ver\u017eliarak\u010dio ver\u017eliaraktis O 65\/67 mm 14 ta\u0161k\u0173: \u201eDaihatsu\u201c, \u201eToyota\u201c\u00a0\u00a0\u00a0 ver\u017eliaraktis O 73 mm 14 ta\u0161k\u0173: \u201eToyota\u201c, \u201eLexus\u201c\u00a0\u00a0\u00a0 ver\u017eliaraktis O 74 mm 15 ta\u0161k\u0173: \u201eAudi\u201c, GM, \u201eRover\u201c, \u201eChrysler\u201c\u00a0\u00a0\u00a0 ver\u017eliarak\u010dio \u00d8 74\/76 mm 15 ta\u0161k\u0173: Ford, Opel, VW, Audi, Mercedes\u00a0\u00a0\u00a0 ver\u017eliarak\u010dio \u00d8 75\/77 mm 15 ta\u0161k\u0173: VW, Audi, Ford, Isuzu, Mercedes, Opel\u00a0\u00a0\u00a0 ver\u017eliarak\u010dio ver\u017el\u0117 O 76 mm a\u0161tuoniakampis: \u201eFiat Marea\u201c, \u201eLancia Delta\u201c\u00a0\u00a0\u00a0 ver\u017eliarak\u010dio ver\u017eliaraktis O 76 mm 12 ta\u0161k\u0173: \u201eFiat\u201c, \u201eRenault\u201c, \u201eMercedes\u201c\u00a0\u00a0\u00a0 ver\u017eliaraktis O 76 mm 14 ta\u0161k\u0173: VW, \u201eMercedes\u201c, \u201ePorsche\u201c, BMW, \u201eAudi\u201c,\u00a0\u00a0\u00a0 \u201eOpel\u201c\u00a0\u00a0\u00a0 Ver\u017eliaraktis O 76 mm 30 ta\u0161k\u0173: \u201eFord\u201c, \u201eMotorcraft FL400A\u201c\u00a0\u00a0\u00a0 ver\u017eliaraktis O 78 mm 15 ta\u0161k\u0173: \u201eNissan\u201c, \u201eFord\u201c, \u201eToyota\u201c\u00a0\u00a0\u00a0 ver\u017eliarak\u010diai 80 mm 15 ta\u0161k\u0173: \u201eNissan\u201c, \u201eHonda\u201c, \u201eOpel\u201c, \u201eMazda\u201c\u00a0\u00a0\u00a0 ver\u017eliaraktis \u00d8 80\/82 mm 15 ta\u0161k\u0173: \u201eSubaru\u201c, \u201eToyota\u201c, \u201eHonda\u201c, \u201eMazda\u201c, \u201eNissan\u201c\u00a0\u00a0\u00a0 Ver\u017eliarak\u010dio \u00d8 86 mm 16 ta\u0161k\u0173: \u201eVolvo S40 \/ S60 \/ S70 \/ S80\u201c\u00a0\u00a0\u00a0 ver\u017eliarak\u010dio ver\u017eliaraktis O 86 mm 18 ta\u0161k\u0173: VW, \u201eAudi\u201c, \u201eRenault\u201c, \u201ePeugeot\u201c, \u201eCitroen\u201c\u00a0\u00a0\u00a0 ver\u017eliaraktis O 90 mm 15 ta\u0161k\u0173: \u201eSubaru\u201c, \u201eToyota\u201c, \u201eHonda\u201c, \u201eMazda\u201c, \u201eNissan\u201c\u00a0\u00a0\u00a0 ver\u017eliarak\u010dio \u00d8 92 mm 10 ta\u0161k\u0173: \u201eFiat\u201c, \u201eLancia\u201c\u00a0\u00a0\u00a0 ver\u017eliaraktis O 93 mm 15 ta\u0161k\u0173: \u201eMazda\u201c, \u201eVolvo\u201c, \u201eMitsubishi\u201c, \u201eNissan\u201c, \u201eHonda\u201c\u00a0\u00a0\u00a0 ver\u017eliarak\u010dio \u00d8 93 mm 36 ta\u0161k\u0173: \u201eFord\u201c, \u201eMotorcraft FLINFLA 1B\u201c, FL3001, FL320\u00a0\u00a0\u00a0 ver\u017eliarak\u010dio \u00d8 93 mm 45 ta\u0161k\u0173: VW, Audi\u00a0\u00a0\u00a0 ver\u017eliaraktis O 95 mm 15 ta\u0161k\u0173: \u201eToyota\u201c, \u201eAlfa\u201c, GM, \u201eFord\u201c, \u201eChrysler\u201c\u00a0\u00a0\u00a0 ver\u017eliaraktis O 96 mm 18 ta\u0161k\u0173: VW, Renault\u00a0\u00a0\u00a0 ver\u017eliarak\u010dio ver\u017eliaraktis O 100 mm 15 ta\u0161k\u0173: \u201eIsuzu\u201c, \u201eMitsubishi\u201c\u00a0\u00a0\u00a0 ver\u017eliarak\u010dio \u00d8 106 mm 15 ta\u0161k\u0173: \u201eFiat Ducato 2.5D\u201c\u00a0\u00a0\u00a0 Ver\u017eliarak\u010dio \u00d8 108 mm 15 ta\u0161k\u0173: \u201eVolvo Diesel C70 \/ S70 \/ N70 \/ 850 Tdi\u201c\u00a0\u00a0\u00a0 ver\u017eliaraktis O 108 mm 18 ta\u0161k\u0173: Renault Espace \/ Laguna \/ Master \/ Safrane \/ Traffic 2.4 + 2.5 + 2.8D + Tdi\u00a0\u00a0\u00a0 3\/8 &quot;iki 1\/2&quot; adapteris\u00a0\u00a0 \u00a0\u00a0\u00a0\u00a0 Svoris:6,16kg<\/p>","protected":false},"excerpt":{"rendered":"<p>L\u0117k\u0161teli\u0173 komplektas tepalo filtrams 30 dali\u0173<\/p>","protected":false},"featured_media":249067,"comment_status":"open","ping_status":"open","template":"","meta":[],"product_cat":[9547],"product_tag":[9810],"class_list":{"0":"post-403022","1":"product","2":"type-product","3":"status-publish","4":"has-post-thumbnail","6":"product_brand-geko-lenkija","7":"product_cat-galvu-komplektai-tepalo-filtrams","8":"product_tag-geko-lenkija","10":"first","11":"outofstock","12":"purchasable","13":"product-type-simple"},"jetpack_sharing_enabled":true,"_links":{"self":[{"href":"https:\/\/irankiuzona.lt\/ru\/wp-json\/wp\/v2\/product\/403022","targetHints":{"allow":["GET"]}}],"collection":[{"href":"https:\/\/irankiuzona.lt\/ru\/wp-json\/wp\/v2\/product"}],"about":[{"href":"https:\/\/irankiuzona.lt\/ru\/wp-json\/wp\/v2\/types\/product"}],"replies":[{"embeddable":true,"href":"https:\/\/irankiuzona.lt\/ru\/wp-json\/wp\/v2\/comments?post=403022"}],"version-history":[{"count":1,"href":"https:\/\/irankiuzona.lt\/ru\/wp-json\/wp\/v2\/product\/403022\/revisions"}],"predecessor-version":[{"id":418373,"href":"https:\/\/irankiuzona.lt\/ru\/wp-json\/wp\/v2\/product\/403022\/revisions\/418373"}],"wp:featuredmedia":[{"embeddable":true,"href":"https:\/\/irankiuzona.lt\/ru\/wp-json\/wp\/v2\/media\/249067"}],"wp:attachment":[{"href":"https:\/\/irankiuzona.lt\/ru\/wp-json\/wp\/v2\/media?parent=403022"}],"wp:term":[{"taxonomy":"product_cat","embeddable":true,"href":"https:\/\/irankiuzona.lt\/ru\/wp-json\/wp\/v2\/product_cat?post=403022"},{"taxonomy":"product_tag","embeddable":true,"href":"https:\/\/irankiuzona.lt\/ru\/wp-json\/wp\/v2\/product_tag?post=403022"}],"curies":[{"name":"wp","href":"https:\/\/api.w.org\/{rel}","templated":true}]}}