{"id":403032,"date":"2025-05-15T15:21:31","date_gmt":"2025-05-15T15:21:31","guid":{"rendered":"https:\/\/irankiuzona.lt\/product\/medzio-ir-odos-degintuvas-60w-su-23-antgaliais-2\/"},"modified":"2026-04-13T04:33:55","modified_gmt":"2026-04-13T04:33:55","slug":"medzio-ir-odos-degintuvas-60w-su-23-antgaliais-2","status":"publish","type":"product","link":"https:\/\/irankiuzona.lt\/ru\/product\/medzio-ir-odos-degintuvas-60w-su-23-antgaliais-2\/","title":{"rendered":"Med\u017eio ir odos degintuvas 60w su 23 antgaliais"},"content":{"rendered":"<p>Produkto charakteristikosgalia 60Wneslidi plastikin\u0117 rankena, atspari kar\u0161\u010diui ir sm\u016bgiams23 daliu rinkinysTechniniai duomenysMaitinimo \u012ftampa: 230V \/ 50HzGalia: 60 WDarbin\u0117 temperat\u016bra: 275 \u00b0 CKomplekto turinysdegiklisdegiklio stovaspatvarus plastikinis d\u0117klasSvoris:0,6kg<\/p>","protected":false},"excerpt":{"rendered":"<p>Med\u017eio ir odos degintuvas 60w su 23 antgaliais<\/p>","protected":false},"featured_media":249082,"comment_status":"open","ping_status":"open","template":"","meta":[],"product_cat":[9839],"product_tag":[9810],"class_list":{"0":"post-403032","1":"product","2":"type-product","3":"status-publish","4":"has-post-thumbnail","6":"product_brand-geko-lenkija","7":"product_cat-lituokliai-ir-litavimo-priedai","8":"product_tag-geko-lenkija","10":"first","11":"instock","12":"purchasable","13":"product-type-simple"},"jetpack_sharing_enabled":true,"_links":{"self":[{"href":"https:\/\/irankiuzona.lt\/ru\/wp-json\/wp\/v2\/product\/403032","targetHints":{"allow":["GET"]}}],"collection":[{"href":"https:\/\/irankiuzona.lt\/ru\/wp-json\/wp\/v2\/product"}],"about":[{"href":"https:\/\/irankiuzona.lt\/ru\/wp-json\/wp\/v2\/types\/product"}],"replies":[{"embeddable":true,"href":"https:\/\/irankiuzona.lt\/ru\/wp-json\/wp\/v2\/comments?post=403032"}],"version-history":[{"count":1,"href":"https:\/\/irankiuzona.lt\/ru\/wp-json\/wp\/v2\/product\/403032\/revisions"}],"predecessor-version":[{"id":418375,"href":"https:\/\/irankiuzona.lt\/ru\/wp-json\/wp\/v2\/product\/403032\/revisions\/418375"}],"wp:featuredmedia":[{"embeddable":true,"href":"https:\/\/irankiuzona.lt\/ru\/wp-json\/wp\/v2\/media\/249082"}],"wp:attachment":[{"href":"https:\/\/irankiuzona.lt\/ru\/wp-json\/wp\/v2\/media?parent=403032"}],"wp:term":[{"taxonomy":"product_cat","embeddable":true,"href":"https:\/\/irankiuzona.lt\/ru\/wp-json\/wp\/v2\/product_cat?post=403032"},{"taxonomy":"product_tag","embeddable":true,"href":"https:\/\/irankiuzona.lt\/ru\/wp-json\/wp\/v2\/product_tag?post=403032"}],"curies":[{"name":"wp","href":"https:\/\/api.w.org\/{rel}","templated":true}]}}