{"id":403036,"date":"2025-05-15T15:21:39","date_gmt":"2025-05-15T15:21:39","guid":{"rendered":"https:\/\/irankiuzona.lt\/product\/dujinis-degiklis-su-pjezo-1-3-kw-4\/"},"modified":"2026-04-04T07:34:47","modified_gmt":"2026-04-04T07:34:47","slug":"dujinis-degiklis-su-pjezo-1-3-kw-4","status":"publish","type":"product","link":"https:\/\/irankiuzona.lt\/ru\/product\/dujinis-degiklis-su-pjezo-1-3-kw-4\/","title":{"rendered":"Dujinis degiklis su pjezo 1.3 kw"},"content":{"rendered":"<p>Prek\u0117s savyb\u0117sIntegruotas pjezo u\u017edegimas &#8211; \u012fmontuotas \u012f galios valdymo ranken\u0117l\u0119Sklandus galios valdymas ranken\u0117leGalia 1,3 kWKuro s\u0105naudos: 93 gramai \/ hTemperat\u016bra iki 1300 \u00b0 CDuj\u0173 varomas butanas i\u0161 i\u0161orinio cilindro &#8211; pagal EN417. TWIST jungtislitavimaskar\u0161tas klijavimasatitirpinimassuvirinimasSvoris:0,16kg<\/p>","protected":false},"excerpt":{"rendered":"<p>Dujinis degiklis su pjezo 1.3 kw<\/p>","protected":false},"featured_media":249088,"comment_status":"open","ping_status":"open","template":"","meta":[],"product_cat":[9788],"product_tag":[9810],"class_list":{"0":"post-403036","1":"product","2":"type-product","3":"status-publish","4":"has-post-thumbnail","6":"product_brand-geko-lenkija","7":"product_cat-dujiniai-degikliai","8":"product_tag-geko-lenkija","10":"first","11":"outofstock","12":"purchasable","13":"product-type-simple"},"jetpack_sharing_enabled":true,"_links":{"self":[{"href":"https:\/\/irankiuzona.lt\/ru\/wp-json\/wp\/v2\/product\/403036","targetHints":{"allow":["GET"]}}],"collection":[{"href":"https:\/\/irankiuzona.lt\/ru\/wp-json\/wp\/v2\/product"}],"about":[{"href":"https:\/\/irankiuzona.lt\/ru\/wp-json\/wp\/v2\/types\/product"}],"replies":[{"embeddable":true,"href":"https:\/\/irankiuzona.lt\/ru\/wp-json\/wp\/v2\/comments?post=403036"}],"version-history":[{"count":0,"href":"https:\/\/irankiuzona.lt\/ru\/wp-json\/wp\/v2\/product\/403036\/revisions"}],"wp:featuredmedia":[{"embeddable":true,"href":"https:\/\/irankiuzona.lt\/ru\/wp-json\/wp\/v2\/media\/249088"}],"wp:attachment":[{"href":"https:\/\/irankiuzona.lt\/ru\/wp-json\/wp\/v2\/media?parent=403036"}],"wp:term":[{"taxonomy":"product_cat","embeddable":true,"href":"https:\/\/irankiuzona.lt\/ru\/wp-json\/wp\/v2\/product_cat?post=403036"},{"taxonomy":"product_tag","embeddable":true,"href":"https:\/\/irankiuzona.lt\/ru\/wp-json\/wp\/v2\/product_tag?post=403036"}],"curies":[{"name":"wp","href":"https:\/\/api.w.org\/{rel}","templated":true}]}}