{"id":403040,"date":"2025-05-15T15:21:48","date_gmt":"2025-05-15T15:21:48","guid":{"rendered":"https:\/\/irankiuzona.lt\/product\/indikatorius-6-12v-2\/"},"modified":"2026-03-18T10:46:03","modified_gmt":"2026-03-18T10:46:03","slug":"indikatorius-6-12v-2","status":"publish","type":"product","link":"https:\/\/irankiuzona.lt\/ru\/product\/indikatorius-6-12v-2\/","title":{"rendered":"Indikatorius 6-12V"},"content":{"rendered":"<p>Produkto charakteristikos:\u012ftamp\u0105 6V ir 12V sistemosepatvarus akrilo korpusassukiet\u0117jusio plieno adata85 cm ilgio trosas su \u201ekrokodilo spaustuku\u201cSvoris:0,08kg<\/p>","protected":false},"excerpt":{"rendered":"<p>Indikatorius 6-12V<\/p>","protected":false},"featured_media":249094,"comment_status":"open","ping_status":"open","template":"","meta":[],"product_cat":[9445],"product_tag":[9810],"class_list":{"0":"post-403040","1":"product","2":"type-product","3":"status-publish","4":"has-post-thumbnail","6":"product_brand-geko-lenkija","7":"product_cat-testeriai","8":"product_tag-geko-lenkija","10":"first","11":"outofstock","12":"purchasable","13":"product-type-simple"},"jetpack_sharing_enabled":true,"_links":{"self":[{"href":"https:\/\/irankiuzona.lt\/ru\/wp-json\/wp\/v2\/product\/403040","targetHints":{"allow":["GET"]}}],"collection":[{"href":"https:\/\/irankiuzona.lt\/ru\/wp-json\/wp\/v2\/product"}],"about":[{"href":"https:\/\/irankiuzona.lt\/ru\/wp-json\/wp\/v2\/types\/product"}],"replies":[{"embeddable":true,"href":"https:\/\/irankiuzona.lt\/ru\/wp-json\/wp\/v2\/comments?post=403040"}],"version-history":[{"count":1,"href":"https:\/\/irankiuzona.lt\/ru\/wp-json\/wp\/v2\/product\/403040\/revisions"}],"predecessor-version":[{"id":418379,"href":"https:\/\/irankiuzona.lt\/ru\/wp-json\/wp\/v2\/product\/403040\/revisions\/418379"}],"wp:featuredmedia":[{"embeddable":true,"href":"https:\/\/irankiuzona.lt\/ru\/wp-json\/wp\/v2\/media\/249094"}],"wp:attachment":[{"href":"https:\/\/irankiuzona.lt\/ru\/wp-json\/wp\/v2\/media?parent=403040"}],"wp:term":[{"taxonomy":"product_cat","embeddable":true,"href":"https:\/\/irankiuzona.lt\/ru\/wp-json\/wp\/v2\/product_cat?post=403040"},{"taxonomy":"product_tag","embeddable":true,"href":"https:\/\/irankiuzona.lt\/ru\/wp-json\/wp\/v2\/product_tag?post=403040"}],"curies":[{"name":"wp","href":"https:\/\/api.w.org\/{rel}","templated":true}]}}