{"id":403052,"date":"2025-05-15T15:22:21","date_gmt":"2025-05-15T15:22:21","guid":{"rendered":"https:\/\/irankiuzona.lt\/product\/indas-plastikinis-40l-staciakampio-formos-2\/"},"modified":"2026-03-19T06:05:10","modified_gmt":"2026-03-19T06:05:10","slug":"indas-plastikinis-40l-staciakampio-formos-2","status":"publish","type":"product","link":"https:\/\/irankiuzona.lt\/ru\/product\/indas-plastikinis-40l-staciakampio-formos-2\/","title":{"rendered":"Indas plastikinis 40L sta\u010diakampio formos"},"content":{"rendered":"<p>Talpa-indas statybos darbams, su sustiprintomis rankenomis. Pagaminta i\u0161 polipropileno. Talpa: 40 litr\u0173.<\/p>","protected":false},"excerpt":{"rendered":"<p>Plastikin\u0117 talpa\/indas\u00a040Litr\u0173, sta\u010diakampio formos, statybininkams<\/p>","protected":false},"featured_media":249112,"comment_status":"open","ping_status":"open","template":"","meta":[],"product_cat":[9782],"product_tag":[9810],"class_list":{"0":"post-403052","1":"product","2":"type-product","3":"status-publish","4":"has-post-thumbnail","6":"product_brand-geko-lenkija","7":"product_cat-kibirai","8":"product_tag-geko-lenkija","10":"first","11":"outofstock","12":"purchasable","13":"product-type-simple"},"jetpack_sharing_enabled":true,"_links":{"self":[{"href":"https:\/\/irankiuzona.lt\/ru\/wp-json\/wp\/v2\/product\/403052","targetHints":{"allow":["GET"]}}],"collection":[{"href":"https:\/\/irankiuzona.lt\/ru\/wp-json\/wp\/v2\/product"}],"about":[{"href":"https:\/\/irankiuzona.lt\/ru\/wp-json\/wp\/v2\/types\/product"}],"replies":[{"embeddable":true,"href":"https:\/\/irankiuzona.lt\/ru\/wp-json\/wp\/v2\/comments?post=403052"}],"version-history":[{"count":1,"href":"https:\/\/irankiuzona.lt\/ru\/wp-json\/wp\/v2\/product\/403052\/revisions"}],"predecessor-version":[{"id":418385,"href":"https:\/\/irankiuzona.lt\/ru\/wp-json\/wp\/v2\/product\/403052\/revisions\/418385"}],"wp:featuredmedia":[{"embeddable":true,"href":"https:\/\/irankiuzona.lt\/ru\/wp-json\/wp\/v2\/media\/249112"}],"wp:attachment":[{"href":"https:\/\/irankiuzona.lt\/ru\/wp-json\/wp\/v2\/media?parent=403052"}],"wp:term":[{"taxonomy":"product_cat","embeddable":true,"href":"https:\/\/irankiuzona.lt\/ru\/wp-json\/wp\/v2\/product_cat?post=403052"},{"taxonomy":"product_tag","embeddable":true,"href":"https:\/\/irankiuzona.lt\/ru\/wp-json\/wp\/v2\/product_tag?post=403052"}],"curies":[{"name":"wp","href":"https:\/\/api.w.org\/{rel}","templated":true}]}}